{"id":15,"date":"2020-06-17T11:29:52","date_gmt":"2020-06-17T09:29:52","guid":{"rendered":"http:\/\/hw.it-business.org\/?page_id=15"},"modified":"2020-10-29T12:20:03","modified_gmt":"2020-10-29T11:20:03","slug":"ueber-uns","status":"publish","type":"page","link":"https:\/\/stroehmer.de\/?page_id=15","title":{"rendered":"\u00dcber uns"},"content":{"rendered":"\n<div class=\"wp-block-columns is-layout-flex wp-container-core-columns-is-layout-1 wp-block-columns-is-layout-flex\">\n<div class=\"wp-block-column is-layout-flow wp-block-column-is-layout-flow\">\n<p class=\"has-normal-font-size\">Gr\u00fcndung<\/p>\n\n\n\n<p class=\"has-text-align-left\" style=\"font-size:14px\">Die&nbsp;Str\u00f6hmer Computersysteme GmbH&nbsp;wurde 1993 vom Diplom-Informatiker&nbsp;Reinhard Str\u00f6hmer&nbsp;gegr\u00fcndet. Es entstand mit dem Tochterunternehmen&nbsp;IT-Business AG&nbsp;im Jahre 2000 ein Unternehmensverbund, der sich auf die Themen&nbsp;Helpdesk&nbsp;und&nbsp;Systembetreuung&nbsp;spezialisiert hat. <br><\/p>\n<\/div>\n\n\n\n<div class=\"wp-block-column is-layout-flow wp-block-column-is-layout-flow\">\n<figure class=\"wp-block-image size-large is-resized\"><img loading=\"lazy\" decoding=\"async\" src=\"http:\/\/hw.it-business.org\/wp-content\/uploads\/2020\/09\/haus.jpg\" alt=\"\" class=\"wp-image-552\" width=\"395\" height=\"228\" srcset=\"https:\/\/stroehmer.de\/wp-content\/uploads\/2020\/09\/haus.jpg 600w, https:\/\/stroehmer.de\/wp-content\/uploads\/2020\/09\/haus-300x174.jpg 300w\" sizes=\"auto, (max-width: 395px) 100vw, 395px\" \/><\/figure>\n\n\n\n<p class=\"has-text-align-left\"><\/p>\n<\/div>\n<\/div>\n\n\n\n<p style=\"font-size:18px\">Kompetenz<\/p>\n\n\n\n<p>Mit unseren Mitarbeitern im Innen- und Au\u00dfendienst sind wir spezialisiert auf&nbsp;fachgerechte Planung, Einrichtung und Betreuung&nbsp;komplexer Netzwerkl\u00f6sungen und Programmierung&nbsp;individueller Software. Wir bieten&nbsp;professionelle Internet-\/Intranet-L\u00f6sungen, sowie die&nbsp;Beratung und Dienstleistung bei allen Windows-Versionen und im Unix\/Linux-Umfeld. Wir besitzen&nbsp;jahrelanges Knowhow&nbsp;im Aufbau und Betrieb von User-Helpdesks. Im Bereich&nbsp;Webdesign&nbsp;entwickeln wir&nbsp;Backend-Technologien. Hierzu geh\u00f6rt die Konzeption und Umsetzung von datenbankbasierten Web-Sites.<\/p>\n\n\n\n<p>Als reiner Software-Dienstleister f\u00fcr hochkomplexe Anwendungen fungiert die&nbsp;Str\u00f6hmer Software GmbH&nbsp;eigenst\u00e4ndig als Teil der Unternehmensgruppe. Im Jahr 2004 wurde die&nbsp;RS-Servicecenter Richter&amp;Str\u00f6hmer GmbH&nbsp;als Spezialist f\u00fcr IT-Fachkr\u00e4fte gegr\u00fcndet. Diese besitzt die&nbsp;Erlaubnis zur gewerbsm\u00e4\u00dfigen Arbeitnehmer\u00fcberlassun<\/p>\n","protected":false},"excerpt":{"rendered":"<p>Gr\u00fcndung Die&nbsp;Str\u00f6hmer Computersysteme GmbH&nbsp;wurde 1993 vom Diplom-Informatiker&nbsp;Reinhard Str\u00f6hmer&nbsp;gegr\u00fcndet. Es entstand mit dem Tochterunternehmen&nbsp;IT-Business AG&nbsp;im Jahre 2000 ein Unternehmensverbund, der sich [&hellip;]<\/p>\n","protected":false},"author":1,"featured_media":0,"parent":0,"menu_order":0,"comment_status":"closed","ping_status":"closed","template":"","meta":{"footnotes":""},"class_list":["post-15","page","type-page","status-publish","hentry"],"yoast_head":"<!-- This site is optimized with the Yoast SEO plugin v26.8 - https:\/\/yoast.com\/product\/yoast-seo-wordpress\/ -->\n<title>\u00dcber uns - Systemhaus f\u00fcr Bayern<\/title>\n<meta name=\"description\" content=\"Die Str\u00f6hmer Computersysteme GmbH. Mit unseren Mitarbeitern im Innen- und Au\u00dfendienst sind wir spezialisiert auf fachgerechte Planung, Einrichtung und Betreuung komplexer Netzwerkl\u00f6sungen und Programmierung\" \/>\n<meta name=\"robots\" content=\"index, follow, max-snippet:-1, max-image-preview:large, max-video-preview:-1\" \/>\n<link rel=\"canonical\" href=\"https:\/\/stroehmer.de\/?page_id=15\" \/>\n<meta property=\"og:locale\" content=\"de_DE\" \/>\n<meta property=\"og:type\" content=\"article\" \/>\n<meta property=\"og:title\" content=\"\u00dcber uns - Systemhaus f\u00fcr Bayern\" \/>\n<meta property=\"og:description\" content=\"Die Str\u00f6hmer Computersysteme GmbH. Mit unseren Mitarbeitern im Innen- und Au\u00dfendienst sind wir spezialisiert auf fachgerechte Planung, Einrichtung und Betreuung komplexer Netzwerkl\u00f6sungen und Programmierung\" \/>\n<meta property=\"og:url\" content=\"https:\/\/stroehmer.de\/?page_id=15\" \/>\n<meta property=\"og:site_name\" content=\"Systemhaus f\u00fcr Bayern\" \/>\n<meta property=\"article:modified_time\" content=\"2020-10-29T11:20:03+00:00\" \/>\n<meta property=\"og:image\" content=\"http:\/\/hw.it-business.org\/wp-content\/uploads\/2020\/09\/haus.jpg\" \/>\n<meta name=\"twitter:card\" content=\"summary_large_image\" \/>\n<meta name=\"twitter:label1\" content=\"Gesch\u00e4tzte Lesezeit\" \/>\n\t<meta name=\"twitter:data1\" content=\"1\u00a0Minute\" \/>\n<script type=\"application\/ld+json\" class=\"yoast-schema-graph\">{\"@context\":\"https:\/\/schema.org\",\"@graph\":[{\"@type\":\"WebPage\",\"@id\":\"https:\/\/stroehmer.de\/?page_id=15\",\"url\":\"https:\/\/stroehmer.de\/?page_id=15\",\"name\":\"\u00dcber uns - Systemhaus f\u00fcr Bayern\",\"isPartOf\":{\"@id\":\"https:\/\/stroehmer.de\/#website\"},\"primaryImageOfPage\":{\"@id\":\"https:\/\/stroehmer.de\/?page_id=15#primaryimage\"},\"image\":{\"@id\":\"https:\/\/stroehmer.de\/?page_id=15#primaryimage\"},\"thumbnailUrl\":\"http:\/\/hw.it-business.org\/wp-content\/uploads\/2020\/09\/haus.jpg\",\"datePublished\":\"2020-06-17T09:29:52+00:00\",\"dateModified\":\"2020-10-29T11:20:03+00:00\",\"description\":\"Die Str\u00f6hmer Computersysteme GmbH. Mit unseren Mitarbeitern im Innen- und Au\u00dfendienst sind wir spezialisiert auf fachgerechte Planung, Einrichtung und Betreuung komplexer Netzwerkl\u00f6sungen und Programmierung\",\"breadcrumb\":{\"@id\":\"https:\/\/stroehmer.de\/?page_id=15#breadcrumb\"},\"inLanguage\":\"de\",\"potentialAction\":[{\"@type\":\"ReadAction\",\"target\":[\"https:\/\/stroehmer.de\/?page_id=15\"]}]},{\"@type\":\"ImageObject\",\"inLanguage\":\"de\",\"@id\":\"https:\/\/stroehmer.de\/?page_id=15#primaryimage\",\"url\":\"http:\/\/hw.it-business.org\/wp-content\/uploads\/2020\/09\/haus.jpg\",\"contentUrl\":\"http:\/\/hw.it-business.org\/wp-content\/uploads\/2020\/09\/haus.jpg\"},{\"@type\":\"BreadcrumbList\",\"@id\":\"https:\/\/stroehmer.de\/?page_id=15#breadcrumb\",\"itemListElement\":[{\"@type\":\"ListItem\",\"position\":1,\"name\":\"Startseite\",\"item\":\"https:\/\/stroehmer.de\/\"},{\"@type\":\"ListItem\",\"position\":2,\"name\":\"\u00dcber uns\"}]},{\"@type\":\"WebSite\",\"@id\":\"https:\/\/stroehmer.de\/#website\",\"url\":\"https:\/\/stroehmer.de\/\",\"name\":\"Systemhaus f\u00fcr Bayern\",\"description\":\"Windows und Linux-Systeme\",\"publisher\":{\"@id\":\"https:\/\/stroehmer.de\/#organization\"},\"potentialAction\":[{\"@type\":\"SearchAction\",\"target\":{\"@type\":\"EntryPoint\",\"urlTemplate\":\"https:\/\/stroehmer.de\/?s={search_term_string}\"},\"query-input\":{\"@type\":\"PropertyValueSpecification\",\"valueRequired\":true,\"valueName\":\"search_term_string\"}}],\"inLanguage\":\"de\"},{\"@type\":\"Organization\",\"@id\":\"https:\/\/stroehmer.de\/#organization\",\"name\":\"IT-Business AG \/ Str\u00f6hmer Computersysteme GmbH\",\"url\":\"https:\/\/stroehmer.de\/\",\"logo\":{\"@type\":\"ImageObject\",\"inLanguage\":\"de\",\"@id\":\"https:\/\/stroehmer.de\/#\/schema\/logo\/image\/\",\"url\":\"https:\/\/stroehmer.de\/wp-content\/uploads\/2020\/08\/webseite-3.png\",\"contentUrl\":\"https:\/\/stroehmer.de\/wp-content\/uploads\/2020\/08\/webseite-3.png\",\"width\":318,\"height\":84,\"caption\":\"IT-Business AG \/ Str\u00f6hmer Computersysteme GmbH\"},\"image\":{\"@id\":\"https:\/\/stroehmer.de\/#\/schema\/logo\/image\/\"}}]}<\/script>\n<!-- \/ Yoast SEO plugin. -->","yoast_head_json":{"title":"\u00dcber uns - Systemhaus f\u00fcr Bayern","description":"Die Str\u00f6hmer Computersysteme GmbH. Mit unseren Mitarbeitern im Innen- und Au\u00dfendienst sind wir spezialisiert auf fachgerechte Planung, Einrichtung und Betreuung komplexer Netzwerkl\u00f6sungen und Programmierung","robots":{"index":"index","follow":"follow","max-snippet":"max-snippet:-1","max-image-preview":"max-image-preview:large","max-video-preview":"max-video-preview:-1"},"canonical":"https:\/\/stroehmer.de\/?page_id=15","og_locale":"de_DE","og_type":"article","og_title":"\u00dcber uns - Systemhaus f\u00fcr Bayern","og_description":"Die Str\u00f6hmer Computersysteme GmbH. Mit unseren Mitarbeitern im Innen- und Au\u00dfendienst sind wir spezialisiert auf fachgerechte Planung, Einrichtung und Betreuung komplexer Netzwerkl\u00f6sungen und Programmierung","og_url":"https:\/\/stroehmer.de\/?page_id=15","og_site_name":"Systemhaus f\u00fcr Bayern","article_modified_time":"2020-10-29T11:20:03+00:00","og_image":[{"url":"http:\/\/hw.it-business.org\/wp-content\/uploads\/2020\/09\/haus.jpg","type":"","width":"","height":""}],"twitter_card":"summary_large_image","twitter_misc":{"Gesch\u00e4tzte Lesezeit":"1\u00a0Minute"},"schema":{"@context":"https:\/\/schema.org","@graph":[{"@type":"WebPage","@id":"https:\/\/stroehmer.de\/?page_id=15","url":"https:\/\/stroehmer.de\/?page_id=15","name":"\u00dcber uns - Systemhaus f\u00fcr Bayern","isPartOf":{"@id":"https:\/\/stroehmer.de\/#website"},"primaryImageOfPage":{"@id":"https:\/\/stroehmer.de\/?page_id=15#primaryimage"},"image":{"@id":"https:\/\/stroehmer.de\/?page_id=15#primaryimage"},"thumbnailUrl":"http:\/\/hw.it-business.org\/wp-content\/uploads\/2020\/09\/haus.jpg","datePublished":"2020-06-17T09:29:52+00:00","dateModified":"2020-10-29T11:20:03+00:00","description":"Die Str\u00f6hmer Computersysteme GmbH. Mit unseren Mitarbeitern im Innen- und Au\u00dfendienst sind wir spezialisiert auf fachgerechte Planung, Einrichtung und Betreuung komplexer Netzwerkl\u00f6sungen und Programmierung","breadcrumb":{"@id":"https:\/\/stroehmer.de\/?page_id=15#breadcrumb"},"inLanguage":"de","potentialAction":[{"@type":"ReadAction","target":["https:\/\/stroehmer.de\/?page_id=15"]}]},{"@type":"ImageObject","inLanguage":"de","@id":"https:\/\/stroehmer.de\/?page_id=15#primaryimage","url":"http:\/\/hw.it-business.org\/wp-content\/uploads\/2020\/09\/haus.jpg","contentUrl":"http:\/\/hw.it-business.org\/wp-content\/uploads\/2020\/09\/haus.jpg"},{"@type":"BreadcrumbList","@id":"https:\/\/stroehmer.de\/?page_id=15#breadcrumb","itemListElement":[{"@type":"ListItem","position":1,"name":"Startseite","item":"https:\/\/stroehmer.de\/"},{"@type":"ListItem","position":2,"name":"\u00dcber uns"}]},{"@type":"WebSite","@id":"https:\/\/stroehmer.de\/#website","url":"https:\/\/stroehmer.de\/","name":"Systemhaus f\u00fcr Bayern","description":"Windows und Linux-Systeme","publisher":{"@id":"https:\/\/stroehmer.de\/#organization"},"potentialAction":[{"@type":"SearchAction","target":{"@type":"EntryPoint","urlTemplate":"https:\/\/stroehmer.de\/?s={search_term_string}"},"query-input":{"@type":"PropertyValueSpecification","valueRequired":true,"valueName":"search_term_string"}}],"inLanguage":"de"},{"@type":"Organization","@id":"https:\/\/stroehmer.de\/#organization","name":"IT-Business AG \/ Str\u00f6hmer Computersysteme GmbH","url":"https:\/\/stroehmer.de\/","logo":{"@type":"ImageObject","inLanguage":"de","@id":"https:\/\/stroehmer.de\/#\/schema\/logo\/image\/","url":"https:\/\/stroehmer.de\/wp-content\/uploads\/2020\/08\/webseite-3.png","contentUrl":"https:\/\/stroehmer.de\/wp-content\/uploads\/2020\/08\/webseite-3.png","width":318,"height":84,"caption":"IT-Business AG \/ Str\u00f6hmer Computersysteme GmbH"},"image":{"@id":"https:\/\/stroehmer.de\/#\/schema\/logo\/image\/"}}]}},"_links":{"self":[{"href":"https:\/\/stroehmer.de\/index.php?rest_route=\/wp\/v2\/pages\/15","targetHints":{"allow":["GET"]}}],"collection":[{"href":"https:\/\/stroehmer.de\/index.php?rest_route=\/wp\/v2\/pages"}],"about":[{"href":"https:\/\/stroehmer.de\/index.php?rest_route=\/wp\/v2\/types\/page"}],"author":[{"embeddable":true,"href":"https:\/\/stroehmer.de\/index.php?rest_route=\/wp\/v2\/users\/1"}],"replies":[{"embeddable":true,"href":"https:\/\/stroehmer.de\/index.php?rest_route=%2Fwp%2Fv2%2Fcomments&post=15"}],"version-history":[{"count":13,"href":"https:\/\/stroehmer.de\/index.php?rest_route=\/wp\/v2\/pages\/15\/revisions"}],"predecessor-version":[{"id":781,"href":"https:\/\/stroehmer.de\/index.php?rest_route=\/wp\/v2\/pages\/15\/revisions\/781"}],"wp:attachment":[{"href":"https:\/\/stroehmer.de\/index.php?rest_route=%2Fwp%2Fv2%2Fmedia&parent=15"}],"curies":[{"name":"wp","href":"https:\/\/api.w.org\/{rel}","templated":true}]}}