{"id":288,"date":"2020-06-25T11:35:09","date_gmt":"2020-06-25T09:35:09","guid":{"rendered":"http:\/\/hw.it-business.org\/?page_id=288"},"modified":"2023-12-22T12:39:51","modified_gmt":"2023-12-22T11:39:51","slug":"team","status":"publish","type":"page","link":"https:\/\/stroehmer.de\/?page_id=288","title":{"rendered":"Team"},"content":{"rendered":"\n<p class=\"has-text-align-center\" style=\"font-size:19px\"><strong>Reinhard Str\u00f6hmer<\/strong><\/p>\n\n\n<div class=\"wp-block-image\">\n<figure class=\"aligncenter size-full is-resized\"><img loading=\"lazy\" decoding=\"async\" width=\"111\" height=\"141\" src=\"https:\/\/stroehmer.de\/wp-content\/uploads\/2020\/09\/image.jpeg\" alt=\"\" class=\"wp-image-769\" style=\"width:104px;height:132px\"\/><\/figure><\/div>\n\n\n<p class=\"has-text-align-center has-small-font-size\">Dipl.-Informatiker Firmengr\u00fcnder<br>Vorstandsvorsitzender der IT Business AG<br><a href=\"mailto:reinhard.stroehmer@stroehmer.de\">E-Mail-Kontakt<\/a><\/p>\n\n\n\n<div class=\"wp-block-columns is-layout-flex wp-container-core-columns-is-layout-1 wp-block-columns-is-layout-flex\">\n<div class=\"wp-block-column is-layout-flow wp-block-column-is-layout-flow\">\n<p class=\"has-text-align-center has-normal-font-size\"><strong>Petra Str\u00f6hmer<\/strong><\/p>\n<\/div>\n\n\n\n<div class=\"wp-block-column is-layout-flow wp-block-column-is-layout-flow\">\n<p class=\"has-text-align-center has-normal-font-size\"><strong>Lyan<\/strong><\/p>\n<\/div>\n<\/div>\n\n\n\n<div class=\"wp-block-columns is-layout-flex wp-container-core-columns-is-layout-2 wp-block-columns-is-layout-flex\">\n<div class=\"wp-block-column is-layout-flow wp-block-column-is-layout-flow\"><div class=\"wp-block-image\">\n<figure class=\"aligncenter size-large\"><img loading=\"lazy\" decoding=\"async\" width=\"110\" height=\"138\" src=\"https:\/\/stroehmer.de\/wp-content\/uploads\/2020\/09\/Download-1-1.jpg\" alt=\"\" class=\"wp-image-766\"\/><\/figure><\/div>\n\n\n<p class=\"has-text-align-center has-small-font-size\">Buchhaltung<\/p>\n<\/div>\n\n\n\n<div class=\"wp-block-column is-layout-flow wp-block-column-is-layout-flow\"><div class=\"wp-block-image\">\n<figure class=\"aligncenter is-resized\"><img decoding=\"async\" src=\"https:\/\/us.123rf.com\/450wm\/photoplotnikov\/photoplotnikov1703\/photoplotnikov170300055\/74046195-standardfrauenavatar-profilbildikone-graue-frau-foto-platzhalter-vektor-illustration.jpg?ver=6\" alt=\"Standard M\u00e4nnlich Und Weiblich Avatar Profilbild Symbol. Mann Und Frau Foto  Platzhalter. Vektor-Illustration Lizenzfreie Fotos, Bilder Und Stock  Fotografie. Image 74109668.\" style=\"width:127px;height:127px\"\/><figcaption class=\"wp-element-caption\">Buchhaltung<br><a href=\"mailto:service@stroehmer.de\">E-Mail-Kontakt<\/a><\/figcaption><\/figure><\/div>\n\n\n<p class=\"has-text-align-center has-small-font-size\"><\/p>\n<\/div>\n<\/div>\n\n\n\n<div class=\"wp-block-group is-content-justification-center is-nowrap is-layout-flex wp-container-core-group-is-layout-1 wp-block-group-is-layout-flex\"><div class=\"wp-block-image\">\n<figure class=\"aligncenter is-resized\"><img decoding=\"async\" src=\"https:\/\/stroehmer.de\/wp-content\/uploads\/2020\/09\/image-2.jpeg\" alt=\"Standard-Avatar-Profilsymbol F\u00fcr Frauen; Grauer Foto Placeholder,  Illustrationsvektor Lizenzfrei Nutzbare Vektorgrafiken, Clip Arts,  Illustrationen. Image 91087328.\" style=\"width:110px;height:110px\"\/><figcaption class=\"wp-element-caption\">Martin<\/figcaption><\/figure><\/div>\n\n<div class=\"wp-block-image\">\n<figure class=\"aligncenter is-resized\"><img decoding=\"async\" src=\"https:\/\/stroehmer.de\/wp-content\/uploads\/2020\/09\/image-2.jpeg\" alt=\"Standard-Avatar-Profilsymbol F\u00fcr Frauen; Grauer Foto Placeholder,  Illustrationsvektor Lizenzfrei Nutzbare Vektorgrafiken, Clip Arts,  Illustrationen. Image 91087328.\" style=\"width:110px;height:110px\"\/><figcaption class=\"wp-element-caption\">Tobi<\/figcaption><\/figure><\/div>\n\n\n<figure class=\"wp-block-image size-full is-resized\"><img loading=\"lazy\" decoding=\"async\" width=\"225\" height=\"225\" src=\"https:\/\/stroehmer.de\/wp-content\/uploads\/2020\/09\/image-2.jpeg\" alt=\"\" class=\"wp-image-771\" style=\"object-fit:cover;width:110px;height:110px\" srcset=\"https:\/\/stroehmer.de\/wp-content\/uploads\/2020\/09\/image-2.jpeg 225w, https:\/\/stroehmer.de\/wp-content\/uploads\/2020\/09\/image-2-150x150.jpeg 150w\" sizes=\"auto, (max-width: 225px) 100vw, 225px\" \/><figcaption class=\"wp-element-caption\">Vitor<\/figcaption><\/figure>\n\n\n\n<figure class=\"wp-block-image size-thumbnail is-resized\"><img loading=\"lazy\" decoding=\"async\" width=\"150\" height=\"150\" src=\"https:\/\/stroehmer.de\/wp-content\/uploads\/2020\/09\/image-2-150x150.jpeg\" alt=\"\" class=\"wp-image-771\" style=\"object-fit:cover;width:110px;height:110px\" srcset=\"https:\/\/stroehmer.de\/wp-content\/uploads\/2020\/09\/image-2-150x150.jpeg 150w, https:\/\/stroehmer.de\/wp-content\/uploads\/2020\/09\/image-2.jpeg 225w\" sizes=\"auto, (max-width: 150px) 100vw, 150px\" \/><figcaption class=\"wp-element-caption\">Daniel<\/figcaption><\/figure>\n<\/div>\n\n\n\n<p class=\"has-text-align-center\">IT-Techniker<br><a href=\"mailto:technik@stroehmer.de\">E-Mail-Kontakt<\/a><\/p>\n\n\n\n<div style=\"height:58px\" aria-hidden=\"true\" class=\"wp-block-spacer\"><\/div>\n\n\n\n<p class=\"has-text-align-center has-normal-font-size\"><strong>Kaffeemaschine<\/strong><\/p>\n\n\n<div class=\"wp-block-image\">\n<figure class=\"aligncenter size-large is-resized\"><img loading=\"lazy\" decoding=\"async\" width=\"768\" height=\"1024\" src=\"https:\/\/stroehmer.de\/wp-content\/uploads\/2020\/10\/20201005_142704-768x1024.jpg\" alt=\"\" class=\"wp-image-936\" style=\"width:144px;height:191px\" srcset=\"https:\/\/stroehmer.de\/wp-content\/uploads\/2020\/10\/20201005_142704-768x1024.jpg 768w, https:\/\/stroehmer.de\/wp-content\/uploads\/2020\/10\/20201005_142704-225x300.jpg 225w, https:\/\/stroehmer.de\/wp-content\/uploads\/2020\/10\/20201005_142704-1152x1536.jpg 1152w, https:\/\/stroehmer.de\/wp-content\/uploads\/2020\/10\/20201005_142704-1536x2048.jpg 1536w, https:\/\/stroehmer.de\/wp-content\/uploads\/2020\/10\/20201005_142704-scaled.jpg 1920w\" sizes=\"auto, (max-width: 768px) 100vw, 768px\" \/><\/figure><\/div>\n\n\n<p class=\"has-text-align-center\">Seelentr\u00f6ster st\u00e4ndig im Einsatz..<\/p>\n\n\n\n<div style=\"height:172px\" aria-hidden=\"true\" class=\"wp-block-spacer\"><\/div>\n","protected":false},"excerpt":{"rendered":"<p>Reinhard Str\u00f6hmer Dipl.-Informatiker Firmengr\u00fcnderVorstandsvorsitzender der IT Business AGE-Mail-Kontakt Petra Str\u00f6hmer Lyan Buchhaltung IT-TechnikerE-Mail-Kontakt Kaffeemaschine Seelentr\u00f6ster st\u00e4ndig im Einsatz..<\/p>\n","protected":false},"author":1,"featured_media":0,"parent":0,"menu_order":0,"comment_status":"closed","ping_status":"closed","template":"","meta":{"footnotes":""},"class_list":["post-288","page","type-page","status-publish","hentry"],"yoast_head":"<!-- This site is optimized with the Yoast SEO plugin v26.8 - https:\/\/yoast.com\/product\/yoast-seo-wordpress\/ -->\n<title>Team - Systemhaus f\u00fcr Bayern<\/title>\n<meta name=\"description\" content=\"Firewall Spamfilter Netzwerke Systemadministration Sicherheit Datenschutz Programmierung Linux Windows Server Proxmox Vmware Hyper-V HPE Shop PC Reparatur Ingolstadt Audi VPN Zoom Nextcloud Cloud Exchange Mail 3cx Telefonanlagen IP-Telefonie Systemhaus IT Computersysteme\" \/>\n<meta name=\"robots\" content=\"index, follow, max-snippet:-1, max-image-preview:large, max-video-preview:-1\" \/>\n<link rel=\"canonical\" href=\"https:\/\/stroehmer.de\/?page_id=288\" \/>\n<meta property=\"og:locale\" content=\"de_DE\" \/>\n<meta property=\"og:type\" content=\"article\" \/>\n<meta property=\"og:title\" content=\"Team - Systemhaus f\u00fcr Bayern\" \/>\n<meta property=\"og:description\" content=\"Firewall Spamfilter Netzwerke Systemadministration Sicherheit Datenschutz Programmierung Linux Windows Server Proxmox Vmware Hyper-V HPE Shop PC Reparatur Ingolstadt Audi VPN Zoom Nextcloud Cloud Exchange Mail 3cx Telefonanlagen IP-Telefonie Systemhaus IT Computersysteme\" \/>\n<meta property=\"og:url\" content=\"https:\/\/stroehmer.de\/?page_id=288\" \/>\n<meta property=\"og:site_name\" content=\"Systemhaus f\u00fcr Bayern\" \/>\n<meta property=\"article:modified_time\" content=\"2023-12-22T11:39:51+00:00\" \/>\n<meta property=\"og:image\" content=\"https:\/\/stroehmer.de\/wp-content\/uploads\/2020\/09\/image.jpeg\" \/>\n<meta name=\"twitter:card\" content=\"summary_large_image\" \/>\n<meta name=\"twitter:label1\" content=\"Gesch\u00e4tzte Lesezeit\" \/>\n\t<meta name=\"twitter:data1\" content=\"2\u00a0Minuten\" \/>\n<script type=\"application\/ld+json\" class=\"yoast-schema-graph\">{\"@context\":\"https:\/\/schema.org\",\"@graph\":[{\"@type\":\"WebPage\",\"@id\":\"https:\/\/stroehmer.de\/?page_id=288\",\"url\":\"https:\/\/stroehmer.de\/?page_id=288\",\"name\":\"Team - Systemhaus f\u00fcr Bayern\",\"isPartOf\":{\"@id\":\"https:\/\/stroehmer.de\/#website\"},\"primaryImageOfPage\":{\"@id\":\"https:\/\/stroehmer.de\/?page_id=288#primaryimage\"},\"image\":{\"@id\":\"https:\/\/stroehmer.de\/?page_id=288#primaryimage\"},\"thumbnailUrl\":\"https:\/\/stroehmer.de\/wp-content\/uploads\/2020\/09\/image.jpeg\",\"datePublished\":\"2020-06-25T09:35:09+00:00\",\"dateModified\":\"2023-12-22T11:39:51+00:00\",\"description\":\"Firewall Spamfilter Netzwerke Systemadministration Sicherheit Datenschutz Programmierung Linux Windows Server Proxmox Vmware Hyper-V HPE Shop PC Reparatur Ingolstadt Audi VPN Zoom Nextcloud Cloud Exchange Mail 3cx Telefonanlagen IP-Telefonie Systemhaus IT Computersysteme\",\"breadcrumb\":{\"@id\":\"https:\/\/stroehmer.de\/?page_id=288#breadcrumb\"},\"inLanguage\":\"de\",\"potentialAction\":[{\"@type\":\"ReadAction\",\"target\":[\"https:\/\/stroehmer.de\/?page_id=288\"]}]},{\"@type\":\"ImageObject\",\"inLanguage\":\"de\",\"@id\":\"https:\/\/stroehmer.de\/?page_id=288#primaryimage\",\"url\":\"https:\/\/stroehmer.de\/wp-content\/uploads\/2020\/09\/image.jpeg\",\"contentUrl\":\"https:\/\/stroehmer.de\/wp-content\/uploads\/2020\/09\/image.jpeg\",\"width\":111,\"height\":141},{\"@type\":\"BreadcrumbList\",\"@id\":\"https:\/\/stroehmer.de\/?page_id=288#breadcrumb\",\"itemListElement\":[{\"@type\":\"ListItem\",\"position\":1,\"name\":\"Startseite\",\"item\":\"https:\/\/stroehmer.de\/\"},{\"@type\":\"ListItem\",\"position\":2,\"name\":\"Team\"}]},{\"@type\":\"WebSite\",\"@id\":\"https:\/\/stroehmer.de\/#website\",\"url\":\"https:\/\/stroehmer.de\/\",\"name\":\"Systemhaus f\u00fcr Bayern\",\"description\":\"Windows und Linux-Systeme\",\"publisher\":{\"@id\":\"https:\/\/stroehmer.de\/#organization\"},\"potentialAction\":[{\"@type\":\"SearchAction\",\"target\":{\"@type\":\"EntryPoint\",\"urlTemplate\":\"https:\/\/stroehmer.de\/?s={search_term_string}\"},\"query-input\":{\"@type\":\"PropertyValueSpecification\",\"valueRequired\":true,\"valueName\":\"search_term_string\"}}],\"inLanguage\":\"de\"},{\"@type\":\"Organization\",\"@id\":\"https:\/\/stroehmer.de\/#organization\",\"name\":\"IT-Business AG \/ Str\u00f6hmer Computersysteme GmbH\",\"url\":\"https:\/\/stroehmer.de\/\",\"logo\":{\"@type\":\"ImageObject\",\"inLanguage\":\"de\",\"@id\":\"https:\/\/stroehmer.de\/#\/schema\/logo\/image\/\",\"url\":\"https:\/\/stroehmer.de\/wp-content\/uploads\/2020\/08\/webseite-3.png\",\"contentUrl\":\"https:\/\/stroehmer.de\/wp-content\/uploads\/2020\/08\/webseite-3.png\",\"width\":318,\"height\":84,\"caption\":\"IT-Business AG \/ Str\u00f6hmer Computersysteme GmbH\"},\"image\":{\"@id\":\"https:\/\/stroehmer.de\/#\/schema\/logo\/image\/\"}}]}<\/script>\n<!-- \/ Yoast SEO plugin. -->","yoast_head_json":{"title":"Team - Systemhaus f\u00fcr Bayern","description":"Firewall Spamfilter Netzwerke Systemadministration Sicherheit Datenschutz Programmierung Linux Windows Server Proxmox Vmware Hyper-V HPE Shop PC Reparatur Ingolstadt Audi VPN Zoom Nextcloud Cloud Exchange Mail 3cx Telefonanlagen IP-Telefonie Systemhaus IT Computersysteme","robots":{"index":"index","follow":"follow","max-snippet":"max-snippet:-1","max-image-preview":"max-image-preview:large","max-video-preview":"max-video-preview:-1"},"canonical":"https:\/\/stroehmer.de\/?page_id=288","og_locale":"de_DE","og_type":"article","og_title":"Team - Systemhaus f\u00fcr Bayern","og_description":"Firewall Spamfilter Netzwerke Systemadministration Sicherheit Datenschutz Programmierung Linux Windows Server Proxmox Vmware Hyper-V HPE Shop PC Reparatur Ingolstadt Audi VPN Zoom Nextcloud Cloud Exchange Mail 3cx Telefonanlagen IP-Telefonie Systemhaus IT Computersysteme","og_url":"https:\/\/stroehmer.de\/?page_id=288","og_site_name":"Systemhaus f\u00fcr Bayern","article_modified_time":"2023-12-22T11:39:51+00:00","og_image":[{"url":"https:\/\/stroehmer.de\/wp-content\/uploads\/2020\/09\/image.jpeg","type":"","width":"","height":""}],"twitter_card":"summary_large_image","twitter_misc":{"Gesch\u00e4tzte Lesezeit":"2\u00a0Minuten"},"schema":{"@context":"https:\/\/schema.org","@graph":[{"@type":"WebPage","@id":"https:\/\/stroehmer.de\/?page_id=288","url":"https:\/\/stroehmer.de\/?page_id=288","name":"Team - Systemhaus f\u00fcr Bayern","isPartOf":{"@id":"https:\/\/stroehmer.de\/#website"},"primaryImageOfPage":{"@id":"https:\/\/stroehmer.de\/?page_id=288#primaryimage"},"image":{"@id":"https:\/\/stroehmer.de\/?page_id=288#primaryimage"},"thumbnailUrl":"https:\/\/stroehmer.de\/wp-content\/uploads\/2020\/09\/image.jpeg","datePublished":"2020-06-25T09:35:09+00:00","dateModified":"2023-12-22T11:39:51+00:00","description":"Firewall Spamfilter Netzwerke Systemadministration Sicherheit Datenschutz Programmierung Linux Windows Server Proxmox Vmware Hyper-V HPE Shop PC Reparatur Ingolstadt Audi VPN Zoom Nextcloud Cloud Exchange Mail 3cx Telefonanlagen IP-Telefonie Systemhaus IT Computersysteme","breadcrumb":{"@id":"https:\/\/stroehmer.de\/?page_id=288#breadcrumb"},"inLanguage":"de","potentialAction":[{"@type":"ReadAction","target":["https:\/\/stroehmer.de\/?page_id=288"]}]},{"@type":"ImageObject","inLanguage":"de","@id":"https:\/\/stroehmer.de\/?page_id=288#primaryimage","url":"https:\/\/stroehmer.de\/wp-content\/uploads\/2020\/09\/image.jpeg","contentUrl":"https:\/\/stroehmer.de\/wp-content\/uploads\/2020\/09\/image.jpeg","width":111,"height":141},{"@type":"BreadcrumbList","@id":"https:\/\/stroehmer.de\/?page_id=288#breadcrumb","itemListElement":[{"@type":"ListItem","position":1,"name":"Startseite","item":"https:\/\/stroehmer.de\/"},{"@type":"ListItem","position":2,"name":"Team"}]},{"@type":"WebSite","@id":"https:\/\/stroehmer.de\/#website","url":"https:\/\/stroehmer.de\/","name":"Systemhaus f\u00fcr Bayern","description":"Windows und Linux-Systeme","publisher":{"@id":"https:\/\/stroehmer.de\/#organization"},"potentialAction":[{"@type":"SearchAction","target":{"@type":"EntryPoint","urlTemplate":"https:\/\/stroehmer.de\/?s={search_term_string}"},"query-input":{"@type":"PropertyValueSpecification","valueRequired":true,"valueName":"search_term_string"}}],"inLanguage":"de"},{"@type":"Organization","@id":"https:\/\/stroehmer.de\/#organization","name":"IT-Business AG \/ Str\u00f6hmer Computersysteme GmbH","url":"https:\/\/stroehmer.de\/","logo":{"@type":"ImageObject","inLanguage":"de","@id":"https:\/\/stroehmer.de\/#\/schema\/logo\/image\/","url":"https:\/\/stroehmer.de\/wp-content\/uploads\/2020\/08\/webseite-3.png","contentUrl":"https:\/\/stroehmer.de\/wp-content\/uploads\/2020\/08\/webseite-3.png","width":318,"height":84,"caption":"IT-Business AG \/ Str\u00f6hmer Computersysteme GmbH"},"image":{"@id":"https:\/\/stroehmer.de\/#\/schema\/logo\/image\/"}}]}},"_links":{"self":[{"href":"https:\/\/stroehmer.de\/index.php?rest_route=\/wp\/v2\/pages\/288","targetHints":{"allow":["GET"]}}],"collection":[{"href":"https:\/\/stroehmer.de\/index.php?rest_route=\/wp\/v2\/pages"}],"about":[{"href":"https:\/\/stroehmer.de\/index.php?rest_route=\/wp\/v2\/types\/page"}],"author":[{"embeddable":true,"href":"https:\/\/stroehmer.de\/index.php?rest_route=\/wp\/v2\/users\/1"}],"replies":[{"embeddable":true,"href":"https:\/\/stroehmer.de\/index.php?rest_route=%2Fwp%2Fv2%2Fcomments&post=288"}],"version-history":[{"count":17,"href":"https:\/\/stroehmer.de\/index.php?rest_route=\/wp\/v2\/pages\/288\/revisions"}],"predecessor-version":[{"id":1089,"href":"https:\/\/stroehmer.de\/index.php?rest_route=\/wp\/v2\/pages\/288\/revisions\/1089"}],"wp:attachment":[{"href":"https:\/\/stroehmer.de\/index.php?rest_route=%2Fwp%2Fv2%2Fmedia&parent=288"}],"curies":[{"name":"wp","href":"https:\/\/api.w.org\/{rel}","templated":true}]}}