{"id":30,"date":"2020-06-17T11:58:00","date_gmt":"2020-06-17T09:58:00","guid":{"rendered":"http:\/\/hw.it-business.org\/?page_id=30"},"modified":"2025-07-25T15:42:42","modified_gmt":"2025-07-25T13:42:42","slug":"startseite","status":"publish","type":"page","link":"https:\/\/stroehmer.de\/","title":{"rendered":"Home"},"content":{"rendered":"\n<h2 class=\"wp-block-heading\">Unsere Software zur Erstellung von E-Rechnungen (kostenfrei f\u00fcr unsere Kunden)<\/h2>\n\n\n\n<div style=\"height:48px\" aria-hidden=\"true\" class=\"wp-block-spacer\"><\/div>\n\n\n\n<figure class=\"wp-block-image size-large\"><img loading=\"lazy\" decoding=\"async\" width=\"1024\" height=\"577\" src=\"https:\/\/stroehmer.de\/wp-content\/uploads\/2025\/02\/Rechnungsprogramm-1024x577.jpg\" alt=\"E-Rechnung\" class=\"wp-image-1110\" srcset=\"https:\/\/stroehmer.de\/wp-content\/uploads\/2025\/02\/Rechnungsprogramm-1024x577.jpg 1024w, https:\/\/stroehmer.de\/wp-content\/uploads\/2025\/02\/Rechnungsprogramm-300x169.jpg 300w, https:\/\/stroehmer.de\/wp-content\/uploads\/2025\/02\/Rechnungsprogramm-768x433.jpg 768w, https:\/\/stroehmer.de\/wp-content\/uploads\/2025\/02\/Rechnungsprogramm-1536x866.jpg 1536w, https:\/\/stroehmer.de\/wp-content\/uploads\/2025\/02\/Rechnungsprogramm.jpg 1605w\" sizes=\"auto, (max-width: 1024px) 100vw, 1024px\" \/><figcaption class=\"wp-element-caption\">Keine Angst vor E-Rechnungen. Wir unterst\u00fctzen Sie dabei<\/figcaption><\/figure>\n\n\n\n<h2 class=\"wp-block-heading has-text-align-center has-responsive-container-background-color-color has-text-color\" id=\"h-ihr-ansprechpartner-f-r-hard-und-softwarel-sungen\">Ihr Ansprechpartner f\u00fcr Hard- <br>und Softwarel\u00f6sungen<\/h2>\n\n\n\n<div style=\"height:40px\" aria-hidden=\"true\" class=\"wp-block-spacer\"><\/div>\n\n\n\n<hr class=\"wp-block-separator has-text-color has-button-color-color has-css-opacity has-button-color-background-color has-background is-style-default\"\/>\n\n\n\n<h2 class=\"wp-block-heading has-text-align-center\" id=\"h-unserer-leistungen\">unserer Leistungen<\/h2>\n\n\n\n<div style=\"height:29px\" aria-hidden=\"true\" class=\"wp-block-spacer\"><\/div>\n\n\n\n<div class=\"wp-block-columns is-layout-flex wp-container-core-columns-is-layout-1 wp-block-columns-is-layout-flex\">\n<div class=\"wp-block-column is-layout-flow wp-block-column-is-layout-flow\">\n<p class=\"has-text-align-center has-very-light-gray-color has-text-color has-background\" style=\"background-color:#254967\"><a href=\"https:\/\/stroehmer.de\/?page_id=786\"><strong>Lan und Cloud<\/strong><br><em>Vertrieb verschiedener Hard- und Softwareprodukte<\/em><\/a><\/p>\n<\/div>\n\n\n\n<div class=\"wp-block-column is-layout-flow wp-block-column-is-layout-flow\">\n<p class=\"has-text-align-center has-very-light-gray-color has-text-color has-background\" style=\"background-color:#254967\"><em><a href=\"https:\/\/stroehmer.de\/?page_id=811\"><strong>Netzwerkbetreuung<\/strong><br>Ausgezeichnete Mitarbeiter betreuen Ihre EDV vor Ort und per Remote<\/a><\/em><\/p>\n<\/div>\n\n\n\n<div class=\"wp-block-column is-layout-flow wp-block-column-is-layout-flow\">\n<p class=\"has-text-align-center has-very-light-gray-color has-text-color has-background\" style=\"background-color:#254967\"><a href=\"https:\/\/stroehmer.de\/?page_id=791\"><strong>Entwicklung<\/strong><br><em>Individueller Software f\u00fcr Ihr Anwendungs-gebiet<\/em><\/a><br><\/p>\n<\/div>\n<\/div>\n\n\n\n<div class=\"wp-block-columns is-layout-flex wp-container-core-columns-is-layout-2 wp-block-columns-is-layout-flex\">\n<div class=\"wp-block-column is-layout-flow wp-block-column-is-layout-flow\">\n<p class=\"has-text-align-center has-very-light-gray-color has-text-color has-background\" style=\"background-color:#254967\"><a href=\"https:\/\/stroehmer.de\/?page_id=793\"><strong>Virtualisierung<\/strong><br><em>Konsolidieren von nicht wirtschaftlichen Serverstrukturen<\/em><\/a><br><br><\/p>\n<\/div>\n\n\n\n<div class=\"wp-block-column is-layout-flow wp-block-column-is-layout-flow\">\n<p class=\"has-text-align-center has-very-light-gray-color has-text-color has-background\" style=\"background-color:#254967\"><strong>I<\/strong><a href=\"https:\/\/stroehmer.de\/?page_id=795\"><strong>T-Outsourcing<\/strong><br><em>Einsparpotential f\u00fcr Ihr Netzwerk durch qualifiziertes Personal und Monitoring-Software<\/em><\/a><\/p>\n<\/div>\n\n\n\n<div class=\"wp-block-column is-layout-flow wp-block-column-is-layout-flow\">\n<p class=\"has-text-align-center has-very-light-gray-color has-text-color has-background\" style=\"background-color:#254967\"><a href=\"http:\/\/hw.it-business.org\/?page_id=559\"><strong>Datensicherheit<\/strong><br><em>Fernarbeitspl\u00e4tze mit VPN, Virenscanner, Zugangskontrolle, Backup-Management u.v.m.<\/em><\/a><\/p>\n<\/div>\n<\/div>\n\n\n\n<div class=\"wp-block-columns is-layout-flex wp-container-core-columns-is-layout-3 wp-block-columns-is-layout-flex\">\n<div class=\"wp-block-column is-layout-flow wp-block-column-is-layout-flow\">\n<p class=\"has-text-align-center has-very-light-gray-color has-text-color has-background\" style=\"background-color:#254967\"><a href=\"https:\/\/stroehmer.de\/?page_id=660\"><strong>Telefonie<\/strong><br><em>Neben solider Technik von AGFEO und Auerswald,<\/em> richten wir reine IP-Telefonie-Software von 3CX ein<\/a><\/p>\n<\/div>\n\n\n\n<div class=\"wp-block-column is-layout-flow wp-block-column-is-layout-flow\">\n<p class=\"has-text-align-center has-very-light-gray-color has-text-color has-background\" style=\"background-color:#254967\"><a href=\"https:\/\/stroehmer.de\/?page_id=818\"><strong>Tools<\/strong><br>Hier finden IT-Nerds von uns entwickelte Tools f\u00fcr Firewalls und Sonstiges zum Downloa<\/a>d<br><\/p>\n<\/div>\n\n\n\n<div class=\"wp-block-column is-layout-flow wp-block-column-is-layout-flow\">\n<p class=\"has-text-align-center has-very-light-gray-color has-text-color has-background\" style=\"background-color:#254967\"><a href=\"https:\/\/stroehmer.de\/?page_id=789\"><strong>\u00dcberwachung<\/strong><br>Planung + Installation und Video\u00fcberwachungs-systeme<\/a><br><br><\/p>\n<\/div>\n<\/div>\n\n\n\n<p class=\"has-text-align-center has-text-color has-normal-font-size\" style=\"color:#000000\">Sie finden nicht Ihre gew\u00fcnschte Dienstleistung? Da dies nur ein Auszug ist, bitten wir Sie um eine <strong><a href=\"http:\/\/hw.it-business.org\/?page_id=202\">Kontaktaufnahme<\/a><\/strong> f\u00fcr weitere Informationen<\/p>\n\n\n\n<div style=\"height:100px\" aria-hidden=\"true\" class=\"wp-block-spacer\"><\/div>\n\n\n\n<h2 class=\"wp-block-heading has-text-align-center\" id=\"h-auszug-unserer-referenzen\">Auszug unserer Referenzen<\/h2>\n\n\n\n<div style=\"height:41px\" aria-hidden=\"true\" class=\"wp-block-spacer\"><\/div>\n\n\n\n<figure class=\"wp-block-gallery has-nested-images columns-default is-cropped wp-block-gallery-1 is-layout-flex wp-block-gallery-is-layout-flex\"><div class=\"wp-block-image\">\n<figure class=\"aligncenter size-large\"><img loading=\"lazy\" decoding=\"async\" width=\"374\" height=\"135\" data-id=\"246\" src=\"https:\/\/stroehmer.de\/wp-content\/uploads\/2020\/06\/Download-1.png\" alt=\"\" class=\"wp-image-246\" srcset=\"https:\/\/stroehmer.de\/wp-content\/uploads\/2020\/06\/Download-1.png 374w, https:\/\/stroehmer.de\/wp-content\/uploads\/2020\/06\/Download-1-300x108.png 300w, https:\/\/stroehmer.de\/wp-content\/uploads\/2020\/06\/Download-1-100x36.png 100w, https:\/\/stroehmer.de\/wp-content\/uploads\/2020\/06\/Download-1-150x54.png 150w, https:\/\/stroehmer.de\/wp-content\/uploads\/2020\/06\/Download-1-200x72.png 200w\" sizes=\"auto, (max-width: 374px) 100vw, 374px\" \/><\/figure><\/div>\n\n<div class=\"wp-block-image\">\n<figure class=\"aligncenter size-large\"><img loading=\"lazy\" decoding=\"async\" width=\"288\" height=\"175\" data-id=\"247\" src=\"https:\/\/stroehmer.de\/wp-content\/uploads\/2020\/06\/Download.png\" alt=\"\" class=\"wp-image-247\" srcset=\"https:\/\/stroehmer.de\/wp-content\/uploads\/2020\/06\/Download.png 288w, https:\/\/stroehmer.de\/wp-content\/uploads\/2020\/06\/Download-100x61.png 100w, https:\/\/stroehmer.de\/wp-content\/uploads\/2020\/06\/Download-150x91.png 150w, https:\/\/stroehmer.de\/wp-content\/uploads\/2020\/06\/Download-200x122.png 200w\" sizes=\"auto, (max-width: 288px) 100vw, 288px\" \/><figcaption class=\"wp-element-caption\">Audi AG<\/figcaption><\/figure><\/div>\n\n<div class=\"wp-block-image\">\n<figure class=\"aligncenter size-large\"><img loading=\"lazy\" decoding=\"async\" width=\"249\" height=\"203\" data-id=\"245\" src=\"https:\/\/stroehmer.de\/wp-content\/uploads\/2020\/06\/Download-2.png\" alt=\"\" class=\"wp-image-245\" srcset=\"https:\/\/stroehmer.de\/wp-content\/uploads\/2020\/06\/Download-2.png 249w, https:\/\/stroehmer.de\/wp-content\/uploads\/2020\/06\/Download-2-100x82.png 100w, https:\/\/stroehmer.de\/wp-content\/uploads\/2020\/06\/Download-2-150x122.png 150w, https:\/\/stroehmer.de\/wp-content\/uploads\/2020\/06\/Download-2-200x163.png 200w\" sizes=\"auto, (max-width: 249px) 100vw, 249px\" \/><figcaption class=\"wp-element-caption\">Airbus Defence and Space GmbH<\/figcaption><\/figure><\/div><\/figure>\n\n\n\n<hr class=\"wp-block-separator has-css-opacity\"\/>\n\n\n\n<div style=\"height:51px\" aria-hidden=\"true\" class=\"wp-block-spacer\"><\/div>\n\n\n\n<h2 class=\"wp-block-heading has-text-align-center\" id=\"h-partner\">Partner<\/h2>\n\n\n\n<div class=\"wp-block-columns is-layout-flex wp-container-core-columns-is-layout-4 wp-block-columns-is-layout-flex\">\n<div class=\"wp-block-column is-layout-flow wp-block-column-is-layout-flow\"><\/div>\n\n\n\n<div class=\"wp-block-column is-layout-flow wp-block-column-is-layout-flow\"><\/div>\n<\/div>\n\n\n\n<div style=\"height:29px\" aria-hidden=\"true\" class=\"wp-block-spacer\"><\/div>\n\n\n\n<div class=\"wp-block-columns is-layout-flex wp-container-core-columns-is-layout-5 wp-block-columns-is-layout-flex\">\n<div class=\"wp-block-column is-layout-flow wp-block-column-is-layout-flow\">\n<ul class=\"wp-block-list\">\n<li><\/li>\n<\/ul>\n\n\n\n<figure class=\"wp-block-gallery has-nested-images columns-default is-cropped wp-block-gallery-2 is-layout-flex wp-block-gallery-is-layout-flex\">\n<figure class=\"wp-block-image size-large\"><img loading=\"lazy\" decoding=\"async\" width=\"674\" height=\"404\" src=\"https:\/\/stroehmer.de\/wp-content\/uploads\/2020\/09\/csm_2020-01-15_vmware_eos_Banner_9e8599995f.png\" alt=\"\" class=\"wp-image-661\" srcset=\"https:\/\/stroehmer.de\/wp-content\/uploads\/2020\/09\/csm_2020-01-15_vmware_eos_Banner_9e8599995f.png 674w, https:\/\/stroehmer.de\/wp-content\/uploads\/2020\/09\/csm_2020-01-15_vmware_eos_Banner_9e8599995f-300x180.png 300w\" sizes=\"auto, (max-width: 674px) 100vw, 674px\" \/><figcaption class=\"wp-element-caption\">VMWare<\/figcaption><\/figure>\n\n\n\n<figure class=\"wp-block-image size-large\"><img loading=\"lazy\" decoding=\"async\" width=\"1024\" height=\"858\" src=\"https:\/\/stroehmer.de\/wp-content\/uploads\/2020\/09\/3CX-logo-1024x858.jpg\" alt=\"\" class=\"wp-image-705\" srcset=\"https:\/\/stroehmer.de\/wp-content\/uploads\/2020\/09\/3CX-logo-1024x858.jpg 1024w, https:\/\/stroehmer.de\/wp-content\/uploads\/2020\/09\/3CX-logo-300x251.jpg 300w, https:\/\/stroehmer.de\/wp-content\/uploads\/2020\/09\/3CX-logo-768x643.jpg 768w, https:\/\/stroehmer.de\/wp-content\/uploads\/2020\/09\/3CX-logo-1536x1286.jpg 1536w, https:\/\/stroehmer.de\/wp-content\/uploads\/2020\/09\/3CX-logo-2048x1715.jpg 2048w\" sizes=\"auto, (max-width: 1024px) 100vw, 1024px\" \/><figcaption class=\"wp-element-caption\">3CX Telefonie<\/figcaption><\/figure>\n\n\n\n<figure class=\"wp-block-image size-large\"><img loading=\"lazy\" decoding=\"async\" width=\"323\" height=\"156\" src=\"https:\/\/stroehmer.de\/wp-content\/uploads\/2020\/09\/Download-6.png\" alt=\"\" class=\"wp-image-433\" srcset=\"https:\/\/stroehmer.de\/wp-content\/uploads\/2020\/09\/Download-6.png 323w, https:\/\/stroehmer.de\/wp-content\/uploads\/2020\/09\/Download-6-300x145.png 300w\" sizes=\"auto, (max-width: 323px) 100vw, 323px\" \/><figcaption class=\"wp-element-caption\">HP Enterprise<\/figcaption><\/figure>\n\n\n\n<figure class=\"wp-block-image size-large\"><img loading=\"lazy\" decoding=\"async\" width=\"650\" height=\"433\" src=\"https:\/\/stroehmer.de\/wp-content\/uploads\/2020\/06\/GoldBadge.jpeg\" alt=\"\" class=\"wp-image-371\" srcset=\"https:\/\/stroehmer.de\/wp-content\/uploads\/2020\/06\/GoldBadge.jpeg 650w, https:\/\/stroehmer.de\/wp-content\/uploads\/2020\/06\/GoldBadge-300x200.jpeg 300w, https:\/\/stroehmer.de\/wp-content\/uploads\/2020\/06\/GoldBadge-100x67.jpeg 100w, https:\/\/stroehmer.de\/wp-content\/uploads\/2020\/06\/GoldBadge-150x100.jpeg 150w, https:\/\/stroehmer.de\/wp-content\/uploads\/2020\/06\/GoldBadge-200x133.jpeg 200w, https:\/\/stroehmer.de\/wp-content\/uploads\/2020\/06\/GoldBadge-450x300.jpeg 450w, https:\/\/stroehmer.de\/wp-content\/uploads\/2020\/06\/GoldBadge-600x400.jpeg 600w\" sizes=\"auto, (max-width: 650px) 100vw, 650px\" \/><figcaption class=\"wp-element-caption\">Microsoft 365<\/figcaption><\/figure>\n<\/figure>\n<\/div>\n\n\n\n<div class=\"wp-block-column is-layout-flow wp-block-column-is-layout-flow\"><\/div>\n\n\n\n<div class=\"wp-block-column is-layout-flow wp-block-column-is-layout-flow\"><\/div>\n<\/div>\n\n\n\n<p><\/p>\n","protected":false},"excerpt":{"rendered":"<p>Unsere Software zur Erstellung von E-Rechnungen (kostenfrei f\u00fcr unsere Kunden) Ihr Ansprechpartner f\u00fcr Hard- und Softwarel\u00f6sungen unserer Leistungen Lan und [&hellip;]<\/p>\n","protected":false},"author":1,"featured_media":0,"parent":0,"menu_order":0,"comment_status":"closed","ping_status":"closed","template":"","meta":{"footnotes":""},"class_list":["post-30","page","type-page","status-publish","hentry"],"yoast_head":"<!-- This site is optimized with the Yoast SEO plugin v26.8 - https:\/\/yoast.com\/product\/yoast-seo-wordpress\/ -->\n<title>Home - Systemhaus f\u00fcr Bayern<\/title>\n<meta name=\"description\" content=\"Die Str\u00f6hmer Computersysteme GmbH. Mit unseren Mitarbeitern im Innen- und Au\u00dfendienst sind wir spezialisiert auf fachgerechte Planung, Einrichtung und Betreuung komplexer Netzwerkl\u00f6sungen und Programmierung\" \/>\n<meta name=\"robots\" content=\"index, follow, max-snippet:-1, max-image-preview:large, max-video-preview:-1\" \/>\n<link rel=\"canonical\" href=\"https:\/\/stroehmer.de\/\" \/>\n<meta property=\"og:locale\" content=\"de_DE\" \/>\n<meta property=\"og:type\" content=\"article\" \/>\n<meta property=\"og:title\" content=\"Home - Systemhaus f\u00fcr Bayern\" \/>\n<meta property=\"og:description\" content=\"Die Str\u00f6hmer Computersysteme GmbH. Mit unseren Mitarbeitern im Innen- und Au\u00dfendienst sind wir spezialisiert auf fachgerechte Planung, Einrichtung und Betreuung komplexer Netzwerkl\u00f6sungen und Programmierung\" \/>\n<meta property=\"og:url\" content=\"https:\/\/stroehmer.de\/\" \/>\n<meta property=\"og:site_name\" content=\"Systemhaus f\u00fcr Bayern\" \/>\n<meta property=\"article:modified_time\" content=\"2025-07-25T13:42:42+00:00\" \/>\n<meta property=\"og:image\" content=\"https:\/\/stroehmer.de\/wp-content\/uploads\/2025\/02\/Rechnungsprogramm.jpg\" \/>\n\t<meta property=\"og:image:width\" content=\"1605\" \/>\n\t<meta property=\"og:image:height\" content=\"905\" \/>\n\t<meta property=\"og:image:type\" content=\"image\/jpeg\" \/>\n<meta name=\"twitter:card\" content=\"summary_large_image\" \/>\n<meta name=\"twitter:label1\" content=\"Gesch\u00e4tzte Lesezeit\" \/>\n\t<meta name=\"twitter:data1\" content=\"3\u00a0Minuten\" \/>\n<script type=\"application\/ld+json\" class=\"yoast-schema-graph\">{\"@context\":\"https:\/\/schema.org\",\"@graph\":[{\"@type\":\"WebPage\",\"@id\":\"https:\/\/stroehmer.de\/\",\"url\":\"https:\/\/stroehmer.de\/\",\"name\":\"Home - Systemhaus f\u00fcr Bayern\",\"isPartOf\":{\"@id\":\"https:\/\/stroehmer.de\/#website\"},\"primaryImageOfPage\":{\"@id\":\"https:\/\/stroehmer.de\/#primaryimage\"},\"image\":{\"@id\":\"https:\/\/stroehmer.de\/#primaryimage\"},\"thumbnailUrl\":\"https:\/\/stroehmer.de\/wp-content\/uploads\/2025\/02\/Rechnungsprogramm-1024x577.jpg\",\"datePublished\":\"2020-06-17T09:58:00+00:00\",\"dateModified\":\"2025-07-25T13:42:42+00:00\",\"description\":\"Die Str\u00f6hmer Computersysteme GmbH. Mit unseren Mitarbeitern im Innen- und Au\u00dfendienst sind wir spezialisiert auf fachgerechte Planung, Einrichtung und Betreuung komplexer Netzwerkl\u00f6sungen und Programmierung\",\"breadcrumb\":{\"@id\":\"https:\/\/stroehmer.de\/#breadcrumb\"},\"inLanguage\":\"de\",\"potentialAction\":[{\"@type\":\"ReadAction\",\"target\":[\"https:\/\/stroehmer.de\/\"]}]},{\"@type\":\"ImageObject\",\"inLanguage\":\"de\",\"@id\":\"https:\/\/stroehmer.de\/#primaryimage\",\"url\":\"https:\/\/stroehmer.de\/wp-content\/uploads\/2025\/02\/Rechnungsprogramm.jpg\",\"contentUrl\":\"https:\/\/stroehmer.de\/wp-content\/uploads\/2025\/02\/Rechnungsprogramm.jpg\",\"width\":1605,\"height\":905,\"caption\":\"Keine Angst vor E-Rechnungen. Wir unterst\u00fctzen Sie dabei\"},{\"@type\":\"BreadcrumbList\",\"@id\":\"https:\/\/stroehmer.de\/#breadcrumb\",\"itemListElement\":[{\"@type\":\"ListItem\",\"position\":1,\"name\":\"Startseite\",\"item\":\"https:\/\/stroehmer.de\/\"},{\"@type\":\"ListItem\",\"position\":2,\"name\":\"Home\"}]},{\"@type\":\"WebSite\",\"@id\":\"https:\/\/stroehmer.de\/#website\",\"url\":\"https:\/\/stroehmer.de\/\",\"name\":\"Systemhaus f\u00fcr Bayern\",\"description\":\"Windows und Linux-Systeme\",\"publisher\":{\"@id\":\"https:\/\/stroehmer.de\/#organization\"},\"potentialAction\":[{\"@type\":\"SearchAction\",\"target\":{\"@type\":\"EntryPoint\",\"urlTemplate\":\"https:\/\/stroehmer.de\/?s={search_term_string}\"},\"query-input\":{\"@type\":\"PropertyValueSpecification\",\"valueRequired\":true,\"valueName\":\"search_term_string\"}}],\"inLanguage\":\"de\"},{\"@type\":\"Organization\",\"@id\":\"https:\/\/stroehmer.de\/#organization\",\"name\":\"IT-Business AG \/ Str\u00f6hmer Computersysteme GmbH\",\"url\":\"https:\/\/stroehmer.de\/\",\"logo\":{\"@type\":\"ImageObject\",\"inLanguage\":\"de\",\"@id\":\"https:\/\/stroehmer.de\/#\/schema\/logo\/image\/\",\"url\":\"https:\/\/stroehmer.de\/wp-content\/uploads\/2020\/08\/webseite-3.png\",\"contentUrl\":\"https:\/\/stroehmer.de\/wp-content\/uploads\/2020\/08\/webseite-3.png\",\"width\":318,\"height\":84,\"caption\":\"IT-Business AG \/ Str\u00f6hmer Computersysteme GmbH\"},\"image\":{\"@id\":\"https:\/\/stroehmer.de\/#\/schema\/logo\/image\/\"}}]}<\/script>\n<!-- \/ Yoast SEO plugin. -->","yoast_head_json":{"title":"Home - Systemhaus f\u00fcr Bayern","description":"Die Str\u00f6hmer Computersysteme GmbH. Mit unseren Mitarbeitern im Innen- und Au\u00dfendienst sind wir spezialisiert auf fachgerechte Planung, Einrichtung und Betreuung komplexer Netzwerkl\u00f6sungen und Programmierung","robots":{"index":"index","follow":"follow","max-snippet":"max-snippet:-1","max-image-preview":"max-image-preview:large","max-video-preview":"max-video-preview:-1"},"canonical":"https:\/\/stroehmer.de\/","og_locale":"de_DE","og_type":"article","og_title":"Home - Systemhaus f\u00fcr Bayern","og_description":"Die Str\u00f6hmer Computersysteme GmbH. Mit unseren Mitarbeitern im Innen- und Au\u00dfendienst sind wir spezialisiert auf fachgerechte Planung, Einrichtung und Betreuung komplexer Netzwerkl\u00f6sungen und Programmierung","og_url":"https:\/\/stroehmer.de\/","og_site_name":"Systemhaus f\u00fcr Bayern","article_modified_time":"2025-07-25T13:42:42+00:00","og_image":[{"width":1605,"height":905,"url":"https:\/\/stroehmer.de\/wp-content\/uploads\/2025\/02\/Rechnungsprogramm.jpg","type":"image\/jpeg"}],"twitter_card":"summary_large_image","twitter_misc":{"Gesch\u00e4tzte Lesezeit":"3\u00a0Minuten"},"schema":{"@context":"https:\/\/schema.org","@graph":[{"@type":"WebPage","@id":"https:\/\/stroehmer.de\/","url":"https:\/\/stroehmer.de\/","name":"Home - Systemhaus f\u00fcr Bayern","isPartOf":{"@id":"https:\/\/stroehmer.de\/#website"},"primaryImageOfPage":{"@id":"https:\/\/stroehmer.de\/#primaryimage"},"image":{"@id":"https:\/\/stroehmer.de\/#primaryimage"},"thumbnailUrl":"https:\/\/stroehmer.de\/wp-content\/uploads\/2025\/02\/Rechnungsprogramm-1024x577.jpg","datePublished":"2020-06-17T09:58:00+00:00","dateModified":"2025-07-25T13:42:42+00:00","description":"Die Str\u00f6hmer Computersysteme GmbH. Mit unseren Mitarbeitern im Innen- und Au\u00dfendienst sind wir spezialisiert auf fachgerechte Planung, Einrichtung und Betreuung komplexer Netzwerkl\u00f6sungen und Programmierung","breadcrumb":{"@id":"https:\/\/stroehmer.de\/#breadcrumb"},"inLanguage":"de","potentialAction":[{"@type":"ReadAction","target":["https:\/\/stroehmer.de\/"]}]},{"@type":"ImageObject","inLanguage":"de","@id":"https:\/\/stroehmer.de\/#primaryimage","url":"https:\/\/stroehmer.de\/wp-content\/uploads\/2025\/02\/Rechnungsprogramm.jpg","contentUrl":"https:\/\/stroehmer.de\/wp-content\/uploads\/2025\/02\/Rechnungsprogramm.jpg","width":1605,"height":905,"caption":"Keine Angst vor E-Rechnungen. Wir unterst\u00fctzen Sie dabei"},{"@type":"BreadcrumbList","@id":"https:\/\/stroehmer.de\/#breadcrumb","itemListElement":[{"@type":"ListItem","position":1,"name":"Startseite","item":"https:\/\/stroehmer.de\/"},{"@type":"ListItem","position":2,"name":"Home"}]},{"@type":"WebSite","@id":"https:\/\/stroehmer.de\/#website","url":"https:\/\/stroehmer.de\/","name":"Systemhaus f\u00fcr Bayern","description":"Windows und Linux-Systeme","publisher":{"@id":"https:\/\/stroehmer.de\/#organization"},"potentialAction":[{"@type":"SearchAction","target":{"@type":"EntryPoint","urlTemplate":"https:\/\/stroehmer.de\/?s={search_term_string}"},"query-input":{"@type":"PropertyValueSpecification","valueRequired":true,"valueName":"search_term_string"}}],"inLanguage":"de"},{"@type":"Organization","@id":"https:\/\/stroehmer.de\/#organization","name":"IT-Business AG \/ Str\u00f6hmer Computersysteme GmbH","url":"https:\/\/stroehmer.de\/","logo":{"@type":"ImageObject","inLanguage":"de","@id":"https:\/\/stroehmer.de\/#\/schema\/logo\/image\/","url":"https:\/\/stroehmer.de\/wp-content\/uploads\/2020\/08\/webseite-3.png","contentUrl":"https:\/\/stroehmer.de\/wp-content\/uploads\/2020\/08\/webseite-3.png","width":318,"height":84,"caption":"IT-Business AG \/ Str\u00f6hmer Computersysteme GmbH"},"image":{"@id":"https:\/\/stroehmer.de\/#\/schema\/logo\/image\/"}}]}},"_links":{"self":[{"href":"https:\/\/stroehmer.de\/index.php?rest_route=\/wp\/v2\/pages\/30","targetHints":{"allow":["GET"]}}],"collection":[{"href":"https:\/\/stroehmer.de\/index.php?rest_route=\/wp\/v2\/pages"}],"about":[{"href":"https:\/\/stroehmer.de\/index.php?rest_route=\/wp\/v2\/types\/page"}],"author":[{"embeddable":true,"href":"https:\/\/stroehmer.de\/index.php?rest_route=\/wp\/v2\/users\/1"}],"replies":[{"embeddable":true,"href":"https:\/\/stroehmer.de\/index.php?rest_route=%2Fwp%2Fv2%2Fcomments&post=30"}],"version-history":[{"count":134,"href":"https:\/\/stroehmer.de\/index.php?rest_route=\/wp\/v2\/pages\/30\/revisions"}],"predecessor-version":[{"id":1118,"href":"https:\/\/stroehmer.de\/index.php?rest_route=\/wp\/v2\/pages\/30\/revisions\/1118"}],"wp:attachment":[{"href":"https:\/\/stroehmer.de\/index.php?rest_route=%2Fwp%2Fv2%2Fmedia&parent=30"}],"curies":[{"name":"wp","href":"https:\/\/api.w.org\/{rel}","templated":true}]}}