{"id":446,"date":"2020-09-21T10:51:11","date_gmt":"2020-09-21T08:51:11","guid":{"rendered":"http:\/\/hw.it-business.org\/?page_id=446"},"modified":"2023-12-22T12:09:15","modified_gmt":"2023-12-22T11:09:15","slug":"kariere","status":"publish","type":"page","link":"https:\/\/stroehmer.de\/?page_id=446","title":{"rendered":"Karriere"},"content":{"rendered":"\n<figure class=\"wp-block-image size-large is-resized\"><img loading=\"lazy\" decoding=\"async\" width=\"1024\" height=\"634\" src=\"http:\/\/hw.it-business.org\/wp-content\/uploads\/2020\/09\/bulletin-board-3233653_1280-1-1024x634.jpg\" alt=\"\" class=\"wp-image-518\" style=\"width:346px;height:214px\" srcset=\"https:\/\/stroehmer.de\/wp-content\/uploads\/2020\/09\/bulletin-board-3233653_1280-1-1024x634.jpg 1024w, https:\/\/stroehmer.de\/wp-content\/uploads\/2020\/09\/bulletin-board-3233653_1280-1-300x186.jpg 300w, https:\/\/stroehmer.de\/wp-content\/uploads\/2020\/09\/bulletin-board-3233653_1280-1-768x475.jpg 768w, https:\/\/stroehmer.de\/wp-content\/uploads\/2020\/09\/bulletin-board-3233653_1280-1.jpg 1280w\" sizes=\"auto, (max-width: 1024px) 100vw, 1024px\" \/><\/figure>\n\n\n\n<div style=\"height:47px\" aria-hidden=\"true\" class=\"wp-block-spacer\"><\/div>\n\n\n\n<p class=\"has-text-align-left has-medium-font-size\"><strong>IT-Administration<\/strong><\/p>\n\n\n\n<p class=\"has-small-font-size\"><strong>Ihre Aufgaben:<br><\/strong>Unsere langj\u00e4hrigen Kunden (Industrie, Beh\u00f6rden) besitzen Windows Server 2022 als Netzwerkbetriebssystem.<br>Als Serverapplikation laufen i.d.R. SQL-Datenbanken, Backupsysteme, MS-Exchange oder Tobit David. Hinzu kommen Installationen von Router, Firewalls f\u00fcr den gesicherten Zugriff von und nach au\u00dfen.<\/p>\n\n\n\n<p class=\"has-small-font-size\"><strong>Unsere Anforderungen:<br><\/strong>Sie sollten in der Lage sein, sowohl bestehende Server betreuen zu k\u00f6nnen als auch neue Server gem\u00e4\u00df unseren Richtlinien neu aufzusetzen. Hierzu besitzen Sie idealerweise die Qualifikation zum MCSE oder haben mind. 2 Jahre obige Systeme nachweislich installiert und betreut.<\/p>\n\n\n\n<div style=\"height:34px\" aria-hidden=\"true\" class=\"wp-block-spacer\"><\/div>\n\n\n\n<hr class=\"wp-block-separator has-css-opacity\"\/>\n\n\n\n<div style=\"height:38px\" aria-hidden=\"true\" class=\"wp-block-spacer\"><\/div>\n\n\n\n<p class=\"has-text-align-left has-medium-font-size\"><strong>Ausbildung<\/strong><\/p>\n\n\n\n<p class=\"has-small-font-size\">Ausbildung zum\/zur Informatikkauffrau\/-mann, B\u00fcrokauffrau\/-mann oder Kauffrau\/-mann f\u00fcr B\u00fcrokommunikation&nbsp;&nbsp;&nbsp;<a rel=\"noreferrer noopener\" href=\"https:\/\/stroehmer.de\/unternehmen\/jobs\/bewerb.php?anzid=6&amp;bez=Ausbildung%20zum\/zur%20Informatikkauffrau\/-mann,%20B%C3%BCrokauffrau\/-mann%20oder%20Kauffrau\/-mann%20f%C3%BCr%20B%C3%BCrokommunikation\" target=\"_blank\">Online&nbsp;bewerben<\/a><em><a rel=\"noreferrer noopener\" href=\"https:\/\/stroehmer.de\/unternehmen\/jobs\/bewerb.php?anzid=6&amp;bez=Ausbildung%20zum\/zur%20Informatikkauffrau\/-mann,%20B%C3%BCrokauffrau\/-mann%20oder%20Kauffrau\/-mann%20f%C3%BCr%20B%C3%BCrokommunikation\" target=\"_blank\">!<\/a><\/em><\/p>\n\n\n\n<p class=\"has-small-font-size\"><strong>Ihre Aufgaben:<br><\/strong>Sie betreuen unsere Kunden am Telefon, in der Buchhaltung und im technischen Support.<\/p>\n\n\n\n<p class=\"has-small-font-size\"><strong>Unsere Anforderungen:<br><\/strong>Sie haben das Gymnasium oder die Fachoberschule abgeschlossen und suchen eine neue Herausforderung. Sie haben Spa\u00df am Organisieren und Planen. PC-Grundkenntnisse haben Sie sich idealerweise ab eigenen PC angeeignet.<\/p>\n\n\n\n<div style=\"height:34px\" aria-hidden=\"true\" class=\"wp-block-spacer\"><\/div>\n\n\n\n<hr class=\"wp-block-separator has-css-opacity\"\/>\n\n\n\n<div style=\"height:37px\" aria-hidden=\"true\" class=\"wp-block-spacer\"><\/div>\n\n\n\n<p class=\"has-medium-font-size\"><strong>Office<\/strong><\/p>\n\n\n\n<p class=\"has-small-font-size\"><strong>Ihre Aufgaben:<br><\/strong>Dieser verantwortungsvolle Job erfordert Erfahrung und selbst\u00e4ndiges Handeln.<br>Daf\u00fcr haben Sie ein angenehmes Arbeitsumfeld und flexible Arbeitszeiten (vorerst halbtags)<br>J\u00e4hrlich werden ca. 30 Nebenkostenabrechnungen f\u00fcr Mieter und Miteigent\u00fcmer erstellt.<br>Zudem w\u00e4ren Sie f\u00fcr Korrespondenz, Koordinierung der Techniker und IT-Auftr\u00e4ge zust\u00e4ndig.<\/p>\n\n\n\n<p class=\"has-small-font-size\">Wenn Sie einen vielseitigen Job suchen, in dem Sie sich selbst mit Ihren Ideen und St\u00e4rken einbringen k\u00f6nnen, dann w\u00e4re diese Stelle eine gute Option f\u00fcr Sie.<\/p>\n\n\n\n<p class=\"has-small-font-size\"><strong>Unsere Anforderungen:<br><\/strong>&#8211; (Fach-) Abitur bevorzugt<br>&#8211; Wirtschaft. Berufsabschluss (vorzugswei\u00dfe Immobilienfachwirt oder Buchhaltung)<br>&#8211; PKW-F\u00fchrerschein<br>&#8211; perfektes Deutsch in Wort und Schrift<\/p>\n\n\n\n<p class=\"has-small-font-size\">Ich freue mich auf eine Bewerbung per email an jobs@stroehmer.de und\/oder ein Telefonat unter 08450\/92770<\/p>\n\n\n\n<div style=\"height:46px\" aria-hidden=\"true\" class=\"wp-block-spacer\"><\/div>\n\n\n\n<hr class=\"wp-block-separator has-css-opacity\"\/>\n\n\n\n<div style=\"height:34px\" aria-hidden=\"true\" class=\"wp-block-spacer\"><\/div>\n\n\n\n<p class=\"has-medium-font-size\"><strong>Programmierung<\/strong><\/p>\n\n\n\n<p class=\"has-small-font-size\"><strong>Ihre Aufgaben:<br><\/strong>Sie unterst\u00fctzen unser Entwicklungsteam bei der Erstellung kundenspezifischer Softwarel\u00f6sungen.<\/p>\n\n\n\n<p class=\"has-small-font-size\"><strong>Unsere Anforderungen:<br><\/strong>Programmierkenntnisse in Java und aktuelle WEB-Entwicklungs-Sprachen (PHP, JavaScript)Als mittelst\u00e4ndisches Unternehmen bieten wir Ihnen kein schematisches Praktikum, sondern gerade im Software-Entwicklungsbereich reale Bedingungen zur Entwicklung moderner Applikationen in einem freundlichen f\u00fcnf-k\u00f6pfigen Software-Team, wie sie es nur nach monatelanger Einarbeitungszeit bei gro\u00dfen Firmen vorfinden werden.<\/p>\n\n\n\n<div style=\"height:38px\" aria-hidden=\"true\" class=\"wp-block-spacer\"><\/div>\n\n\n\n<hr class=\"wp-block-separator has-css-opacity\"\/>\n\n\n\n<div style=\"height:50px\" aria-hidden=\"true\" class=\"wp-block-spacer\"><\/div>\n\n\n\n<p class=\"has-medium-font-size\"><strong>Support<\/strong><\/p>\n\n\n\n<p class=\"has-small-font-size\"><strong>Ihre Aufgaben:<\/strong><br>Qualifizierung von St\u00f6rungen der Netzwerk-Infrastruktur<br>Bearbeitung und L\u00f6sen von Incident und Problem Tickets<br>Kommunikation mit den Anwendern bei unklaren Fehlerbeschreibungen<br>Monitoring bzw. Reporting der Incidents<br>Planungs- und Vorbereitungsaufgaben f\u00fcr den lfd. Betrieb<br>Durchf\u00fchren wiederkehrender Routinet\u00e4tigkeiten (System- und technologiespezifische SST, Pflege, Berichtswesen, Transporte, Monitoring von Jobs und IDOCs)<br>Pflege und Fortf\u00fchrung von Betriebshandb\u00fcchern<\/p>\n","protected":false},"excerpt":{"rendered":"<p>IT-Administration Ihre Aufgaben:Unsere langj\u00e4hrigen Kunden (Industrie, Beh\u00f6rden) besitzen Windows Server 2022 als Netzwerkbetriebssystem.Als Serverapplikation laufen i.d.R. SQL-Datenbanken, Backupsysteme, MS-Exchange oder [&hellip;]<\/p>\n","protected":false},"author":1,"featured_media":0,"parent":0,"menu_order":0,"comment_status":"closed","ping_status":"closed","template":"","meta":{"footnotes":""},"class_list":["post-446","page","type-page","status-publish","hentry"],"yoast_head":"<!-- This site is optimized with the Yoast SEO plugin v26.8 - https:\/\/yoast.com\/product\/yoast-seo-wordpress\/ -->\n<title>Karriere - Systemhaus f\u00fcr Bayern<\/title>\n<meta name=\"description\" content=\"Firewall Spamfilter Netzwerke Systemadministration Sicherheit Datenschutz Programmierung Linux Windows Server Proxmox Vmware Hyper-V HPE Shop PC Reparatur Ingolstadt Audi VPN Zoom Nextcloud Cloud Exchange Mail 3cx Telefonanlagen IP-Telefonie Systemhaus IT Computersysteme\" \/>\n<meta name=\"robots\" content=\"index, follow, max-snippet:-1, max-image-preview:large, max-video-preview:-1\" \/>\n<link rel=\"canonical\" href=\"https:\/\/stroehmer.de\/?page_id=446\" \/>\n<meta property=\"og:locale\" content=\"de_DE\" \/>\n<meta property=\"og:type\" content=\"article\" \/>\n<meta property=\"og:title\" content=\"Karriere - Systemhaus f\u00fcr Bayern\" \/>\n<meta property=\"og:description\" content=\"Firewall Spamfilter Netzwerke Systemadministration Sicherheit Datenschutz Programmierung Linux Windows Server Proxmox Vmware Hyper-V HPE Shop PC Reparatur Ingolstadt Audi VPN Zoom Nextcloud Cloud Exchange Mail 3cx Telefonanlagen IP-Telefonie Systemhaus IT Computersysteme\" \/>\n<meta property=\"og:url\" content=\"https:\/\/stroehmer.de\/?page_id=446\" \/>\n<meta property=\"og:site_name\" content=\"Systemhaus f\u00fcr Bayern\" \/>\n<meta property=\"article:modified_time\" content=\"2023-12-22T11:09:15+00:00\" \/>\n<meta property=\"og:image\" content=\"http:\/\/hw.it-business.org\/wp-content\/uploads\/2020\/09\/bulletin-board-3233653_1280-1-1024x634.jpg\" \/>\n<meta name=\"twitter:card\" content=\"summary_large_image\" \/>\n<meta name=\"twitter:label1\" content=\"Gesch\u00e4tzte Lesezeit\" \/>\n\t<meta name=\"twitter:data1\" content=\"3\u00a0Minuten\" \/>\n<script type=\"application\/ld+json\" class=\"yoast-schema-graph\">{\"@context\":\"https:\/\/schema.org\",\"@graph\":[{\"@type\":\"WebPage\",\"@id\":\"https:\/\/stroehmer.de\/?page_id=446\",\"url\":\"https:\/\/stroehmer.de\/?page_id=446\",\"name\":\"Karriere - Systemhaus f\u00fcr Bayern\",\"isPartOf\":{\"@id\":\"https:\/\/stroehmer.de\/#website\"},\"primaryImageOfPage\":{\"@id\":\"https:\/\/stroehmer.de\/?page_id=446#primaryimage\"},\"image\":{\"@id\":\"https:\/\/stroehmer.de\/?page_id=446#primaryimage\"},\"thumbnailUrl\":\"http:\/\/hw.it-business.org\/wp-content\/uploads\/2020\/09\/bulletin-board-3233653_1280-1-1024x634.jpg\",\"datePublished\":\"2020-09-21T08:51:11+00:00\",\"dateModified\":\"2023-12-22T11:09:15+00:00\",\"description\":\"Firewall Spamfilter Netzwerke Systemadministration Sicherheit Datenschutz Programmierung Linux Windows Server Proxmox Vmware Hyper-V HPE Shop PC Reparatur Ingolstadt Audi VPN Zoom Nextcloud Cloud Exchange Mail 3cx Telefonanlagen IP-Telefonie Systemhaus IT Computersysteme\",\"breadcrumb\":{\"@id\":\"https:\/\/stroehmer.de\/?page_id=446#breadcrumb\"},\"inLanguage\":\"de\",\"potentialAction\":[{\"@type\":\"ReadAction\",\"target\":[\"https:\/\/stroehmer.de\/?page_id=446\"]}]},{\"@type\":\"ImageObject\",\"inLanguage\":\"de\",\"@id\":\"https:\/\/stroehmer.de\/?page_id=446#primaryimage\",\"url\":\"http:\/\/hw.it-business.org\/wp-content\/uploads\/2020\/09\/bulletin-board-3233653_1280-1-1024x634.jpg\",\"contentUrl\":\"http:\/\/hw.it-business.org\/wp-content\/uploads\/2020\/09\/bulletin-board-3233653_1280-1-1024x634.jpg\"},{\"@type\":\"BreadcrumbList\",\"@id\":\"https:\/\/stroehmer.de\/?page_id=446#breadcrumb\",\"itemListElement\":[{\"@type\":\"ListItem\",\"position\":1,\"name\":\"Startseite\",\"item\":\"https:\/\/stroehmer.de\/\"},{\"@type\":\"ListItem\",\"position\":2,\"name\":\"Karriere\"}]},{\"@type\":\"WebSite\",\"@id\":\"https:\/\/stroehmer.de\/#website\",\"url\":\"https:\/\/stroehmer.de\/\",\"name\":\"Systemhaus f\u00fcr Bayern\",\"description\":\"Windows und Linux-Systeme\",\"publisher\":{\"@id\":\"https:\/\/stroehmer.de\/#organization\"},\"potentialAction\":[{\"@type\":\"SearchAction\",\"target\":{\"@type\":\"EntryPoint\",\"urlTemplate\":\"https:\/\/stroehmer.de\/?s={search_term_string}\"},\"query-input\":{\"@type\":\"PropertyValueSpecification\",\"valueRequired\":true,\"valueName\":\"search_term_string\"}}],\"inLanguage\":\"de\"},{\"@type\":\"Organization\",\"@id\":\"https:\/\/stroehmer.de\/#organization\",\"name\":\"IT-Business AG \/ Str\u00f6hmer Computersysteme GmbH\",\"url\":\"https:\/\/stroehmer.de\/\",\"logo\":{\"@type\":\"ImageObject\",\"inLanguage\":\"de\",\"@id\":\"https:\/\/stroehmer.de\/#\/schema\/logo\/image\/\",\"url\":\"https:\/\/stroehmer.de\/wp-content\/uploads\/2020\/08\/webseite-3.png\",\"contentUrl\":\"https:\/\/stroehmer.de\/wp-content\/uploads\/2020\/08\/webseite-3.png\",\"width\":318,\"height\":84,\"caption\":\"IT-Business AG \/ Str\u00f6hmer Computersysteme GmbH\"},\"image\":{\"@id\":\"https:\/\/stroehmer.de\/#\/schema\/logo\/image\/\"}}]}<\/script>\n<!-- \/ Yoast SEO plugin. -->","yoast_head_json":{"title":"Karriere - Systemhaus f\u00fcr Bayern","description":"Firewall Spamfilter Netzwerke Systemadministration Sicherheit Datenschutz Programmierung Linux Windows Server Proxmox Vmware Hyper-V HPE Shop PC Reparatur Ingolstadt Audi VPN Zoom Nextcloud Cloud Exchange Mail 3cx Telefonanlagen IP-Telefonie Systemhaus IT Computersysteme","robots":{"index":"index","follow":"follow","max-snippet":"max-snippet:-1","max-image-preview":"max-image-preview:large","max-video-preview":"max-video-preview:-1"},"canonical":"https:\/\/stroehmer.de\/?page_id=446","og_locale":"de_DE","og_type":"article","og_title":"Karriere - Systemhaus f\u00fcr Bayern","og_description":"Firewall Spamfilter Netzwerke Systemadministration Sicherheit Datenschutz Programmierung Linux Windows Server Proxmox Vmware Hyper-V HPE Shop PC Reparatur Ingolstadt Audi VPN Zoom Nextcloud Cloud Exchange Mail 3cx Telefonanlagen IP-Telefonie Systemhaus IT Computersysteme","og_url":"https:\/\/stroehmer.de\/?page_id=446","og_site_name":"Systemhaus f\u00fcr Bayern","article_modified_time":"2023-12-22T11:09:15+00:00","og_image":[{"url":"http:\/\/hw.it-business.org\/wp-content\/uploads\/2020\/09\/bulletin-board-3233653_1280-1-1024x634.jpg","type":"","width":"","height":""}],"twitter_card":"summary_large_image","twitter_misc":{"Gesch\u00e4tzte Lesezeit":"3\u00a0Minuten"},"schema":{"@context":"https:\/\/schema.org","@graph":[{"@type":"WebPage","@id":"https:\/\/stroehmer.de\/?page_id=446","url":"https:\/\/stroehmer.de\/?page_id=446","name":"Karriere - Systemhaus f\u00fcr Bayern","isPartOf":{"@id":"https:\/\/stroehmer.de\/#website"},"primaryImageOfPage":{"@id":"https:\/\/stroehmer.de\/?page_id=446#primaryimage"},"image":{"@id":"https:\/\/stroehmer.de\/?page_id=446#primaryimage"},"thumbnailUrl":"http:\/\/hw.it-business.org\/wp-content\/uploads\/2020\/09\/bulletin-board-3233653_1280-1-1024x634.jpg","datePublished":"2020-09-21T08:51:11+00:00","dateModified":"2023-12-22T11:09:15+00:00","description":"Firewall Spamfilter Netzwerke Systemadministration Sicherheit Datenschutz Programmierung Linux Windows Server Proxmox Vmware Hyper-V HPE Shop PC Reparatur Ingolstadt Audi VPN Zoom Nextcloud Cloud Exchange Mail 3cx Telefonanlagen IP-Telefonie Systemhaus IT Computersysteme","breadcrumb":{"@id":"https:\/\/stroehmer.de\/?page_id=446#breadcrumb"},"inLanguage":"de","potentialAction":[{"@type":"ReadAction","target":["https:\/\/stroehmer.de\/?page_id=446"]}]},{"@type":"ImageObject","inLanguage":"de","@id":"https:\/\/stroehmer.de\/?page_id=446#primaryimage","url":"http:\/\/hw.it-business.org\/wp-content\/uploads\/2020\/09\/bulletin-board-3233653_1280-1-1024x634.jpg","contentUrl":"http:\/\/hw.it-business.org\/wp-content\/uploads\/2020\/09\/bulletin-board-3233653_1280-1-1024x634.jpg"},{"@type":"BreadcrumbList","@id":"https:\/\/stroehmer.de\/?page_id=446#breadcrumb","itemListElement":[{"@type":"ListItem","position":1,"name":"Startseite","item":"https:\/\/stroehmer.de\/"},{"@type":"ListItem","position":2,"name":"Karriere"}]},{"@type":"WebSite","@id":"https:\/\/stroehmer.de\/#website","url":"https:\/\/stroehmer.de\/","name":"Systemhaus f\u00fcr Bayern","description":"Windows und Linux-Systeme","publisher":{"@id":"https:\/\/stroehmer.de\/#organization"},"potentialAction":[{"@type":"SearchAction","target":{"@type":"EntryPoint","urlTemplate":"https:\/\/stroehmer.de\/?s={search_term_string}"},"query-input":{"@type":"PropertyValueSpecification","valueRequired":true,"valueName":"search_term_string"}}],"inLanguage":"de"},{"@type":"Organization","@id":"https:\/\/stroehmer.de\/#organization","name":"IT-Business AG \/ Str\u00f6hmer Computersysteme GmbH","url":"https:\/\/stroehmer.de\/","logo":{"@type":"ImageObject","inLanguage":"de","@id":"https:\/\/stroehmer.de\/#\/schema\/logo\/image\/","url":"https:\/\/stroehmer.de\/wp-content\/uploads\/2020\/08\/webseite-3.png","contentUrl":"https:\/\/stroehmer.de\/wp-content\/uploads\/2020\/08\/webseite-3.png","width":318,"height":84,"caption":"IT-Business AG \/ Str\u00f6hmer Computersysteme GmbH"},"image":{"@id":"https:\/\/stroehmer.de\/#\/schema\/logo\/image\/"}}]}},"_links":{"self":[{"href":"https:\/\/stroehmer.de\/index.php?rest_route=\/wp\/v2\/pages\/446","targetHints":{"allow":["GET"]}}],"collection":[{"href":"https:\/\/stroehmer.de\/index.php?rest_route=\/wp\/v2\/pages"}],"about":[{"href":"https:\/\/stroehmer.de\/index.php?rest_route=\/wp\/v2\/types\/page"}],"author":[{"embeddable":true,"href":"https:\/\/stroehmer.de\/index.php?rest_route=\/wp\/v2\/users\/1"}],"replies":[{"embeddable":true,"href":"https:\/\/stroehmer.de\/index.php?rest_route=%2Fwp%2Fv2%2Fcomments&post=446"}],"version-history":[{"count":15,"href":"https:\/\/stroehmer.de\/index.php?rest_route=\/wp\/v2\/pages\/446\/revisions"}],"predecessor-version":[{"id":1081,"href":"https:\/\/stroehmer.de\/index.php?rest_route=\/wp\/v2\/pages\/446\/revisions\/1081"}],"wp:attachment":[{"href":"https:\/\/stroehmer.de\/index.php?rest_route=%2Fwp%2Fv2%2Fmedia&parent=446"}],"curies":[{"name":"wp","href":"https:\/\/api.w.org\/{rel}","templated":true}]}}