{"id":484,"date":"2020-09-21T11:51:41","date_gmt":"2020-09-21T09:51:41","guid":{"rendered":"http:\/\/hw.it-business.org\/?page_id=484"},"modified":"2020-09-29T10:20:09","modified_gmt":"2020-09-29T08:20:09","slug":"evergreen","status":"publish","type":"page","link":"https:\/\/stroehmer.de\/?page_id=484","title":{"rendered":"Evergreen"},"content":{"rendered":"\n<p class=\"has-text-align-center\"><strong>wof\u00fcr?:<\/strong><br>Evergreen ist f\u00fcr den Unterricht in Maschinenschreiben angedacht.<br>Es unterst\u00fctzt die Vorgabe eines Mustertextes, die Kontrolle der Sch\u00fclereingabem\u00f6glichkeit im Textfenster und das automatische Auswerten und Ausdrucken der Sch\u00fclertexte.<\/p>\n\n\n\n<p class=\"has-text-align-center\"><strong>f\u00fcr wen?<\/strong><br>Schulen und Weiterbildungseinrichtungen;<\/p>\n\n\n\n<p class=\"has-text-align-center\"><strong>Systemanforderungen:<\/strong><br>Netzwerk-Laufwerk, Windows XP,7,8,2008,2012<\/p>\n\n\n\n<p class=\"has-text-align-center\"><strong>Preise:<\/strong><br>1500 Euro f\u00fcr Schullizenz,<br>800 Euro f\u00fcr Klassenraum-Lizenz,<br>100 Euro f\u00fcr Einzelplatz-System<\/p>\n\n\n\n<p class=\"has-text-align-center\"><strong>Lizenzen:<\/strong><br>Einzelplatz-, Klassenraum- und Schul-Lizenz<\/p>\n\n\n\n<div class=\"wp-block-image\"><figure class=\"aligncenter size-large is-resized\"><img loading=\"lazy\" decoding=\"async\" src=\"http:\/\/hw.it-business.org\/wp-content\/uploads\/2020\/09\/evergreen.jpg\" alt=\"\" class=\"wp-image-534\" width=\"547\" height=\"410\" srcset=\"https:\/\/stroehmer.de\/wp-content\/uploads\/2020\/09\/evergreen.jpg 801w, https:\/\/stroehmer.de\/wp-content\/uploads\/2020\/09\/evergreen-300x225.jpg 300w, https:\/\/stroehmer.de\/wp-content\/uploads\/2020\/09\/evergreen-768x576.jpg 768w\" sizes=\"auto, (max-width: 547px) 100vw, 547px\" \/><\/figure><\/div>\n","protected":false},"excerpt":{"rendered":"<p>wof\u00fcr?:Evergreen ist f\u00fcr den Unterricht in Maschinenschreiben angedacht.Es unterst\u00fctzt die Vorgabe eines Mustertextes, die Kontrolle der Sch\u00fclereingabem\u00f6glichkeit im Textfenster und [&hellip;]<\/p>\n","protected":false},"author":1,"featured_media":0,"parent":0,"menu_order":0,"comment_status":"closed","ping_status":"closed","template":"","meta":{"footnotes":""},"class_list":["post-484","page","type-page","status-publish","hentry"],"yoast_head":"<!-- This site is optimized with the Yoast SEO plugin v26.8 - https:\/\/yoast.com\/product\/yoast-seo-wordpress\/ -->\n<title>Evergreen - Systemhaus f\u00fcr Bayern<\/title>\n<meta name=\"description\" content=\"Firewall Spamfilter Netzwerke Systemadministration Sicherheit Datenschutz Programmierung Linux Windows Server Proxmox Vmware Hyper-V HPE Shop PC Reparatur Ingolstadt Audi VPN Zoom Nextcloud Cloud Exchange Mail 3cx Telefonanlagen IP-Telefonie Systemhaus IT Computersysteme\" \/>\n<meta name=\"robots\" content=\"index, follow, max-snippet:-1, max-image-preview:large, max-video-preview:-1\" \/>\n<link rel=\"canonical\" href=\"https:\/\/stroehmer.de\/?page_id=484\" \/>\n<meta property=\"og:locale\" content=\"de_DE\" \/>\n<meta property=\"og:type\" content=\"article\" \/>\n<meta property=\"og:title\" content=\"Evergreen - Systemhaus f\u00fcr Bayern\" \/>\n<meta property=\"og:description\" content=\"Firewall Spamfilter Netzwerke Systemadministration Sicherheit Datenschutz Programmierung Linux Windows Server Proxmox Vmware Hyper-V HPE Shop PC Reparatur Ingolstadt Audi VPN Zoom Nextcloud Cloud Exchange Mail 3cx Telefonanlagen IP-Telefonie Systemhaus IT Computersysteme\" \/>\n<meta property=\"og:url\" content=\"https:\/\/stroehmer.de\/?page_id=484\" \/>\n<meta property=\"og:site_name\" content=\"Systemhaus f\u00fcr Bayern\" \/>\n<meta property=\"article:modified_time\" content=\"2020-09-29T08:20:09+00:00\" \/>\n<meta property=\"og:image\" content=\"http:\/\/hw.it-business.org\/wp-content\/uploads\/2020\/09\/evergreen.jpg\" \/>\n<meta name=\"twitter:card\" content=\"summary_large_image\" \/>\n<script type=\"application\/ld+json\" class=\"yoast-schema-graph\">{\"@context\":\"https:\/\/schema.org\",\"@graph\":[{\"@type\":\"WebPage\",\"@id\":\"https:\/\/stroehmer.de\/?page_id=484\",\"url\":\"https:\/\/stroehmer.de\/?page_id=484\",\"name\":\"Evergreen - Systemhaus f\u00fcr Bayern\",\"isPartOf\":{\"@id\":\"https:\/\/stroehmer.de\/#website\"},\"primaryImageOfPage\":{\"@id\":\"https:\/\/stroehmer.de\/?page_id=484#primaryimage\"},\"image\":{\"@id\":\"https:\/\/stroehmer.de\/?page_id=484#primaryimage\"},\"thumbnailUrl\":\"http:\/\/hw.it-business.org\/wp-content\/uploads\/2020\/09\/evergreen.jpg\",\"datePublished\":\"2020-09-21T09:51:41+00:00\",\"dateModified\":\"2020-09-29T08:20:09+00:00\",\"description\":\"Firewall Spamfilter Netzwerke Systemadministration Sicherheit Datenschutz Programmierung Linux Windows Server Proxmox Vmware Hyper-V HPE Shop PC Reparatur Ingolstadt Audi VPN Zoom Nextcloud Cloud Exchange Mail 3cx Telefonanlagen IP-Telefonie Systemhaus IT Computersysteme\",\"breadcrumb\":{\"@id\":\"https:\/\/stroehmer.de\/?page_id=484#breadcrumb\"},\"inLanguage\":\"de\",\"potentialAction\":[{\"@type\":\"ReadAction\",\"target\":[\"https:\/\/stroehmer.de\/?page_id=484\"]}]},{\"@type\":\"ImageObject\",\"inLanguage\":\"de\",\"@id\":\"https:\/\/stroehmer.de\/?page_id=484#primaryimage\",\"url\":\"http:\/\/hw.it-business.org\/wp-content\/uploads\/2020\/09\/evergreen.jpg\",\"contentUrl\":\"http:\/\/hw.it-business.org\/wp-content\/uploads\/2020\/09\/evergreen.jpg\"},{\"@type\":\"BreadcrumbList\",\"@id\":\"https:\/\/stroehmer.de\/?page_id=484#breadcrumb\",\"itemListElement\":[{\"@type\":\"ListItem\",\"position\":1,\"name\":\"Startseite\",\"item\":\"https:\/\/stroehmer.de\/\"},{\"@type\":\"ListItem\",\"position\":2,\"name\":\"Evergreen\"}]},{\"@type\":\"WebSite\",\"@id\":\"https:\/\/stroehmer.de\/#website\",\"url\":\"https:\/\/stroehmer.de\/\",\"name\":\"Systemhaus f\u00fcr Bayern\",\"description\":\"Windows und Linux-Systeme\",\"publisher\":{\"@id\":\"https:\/\/stroehmer.de\/#organization\"},\"potentialAction\":[{\"@type\":\"SearchAction\",\"target\":{\"@type\":\"EntryPoint\",\"urlTemplate\":\"https:\/\/stroehmer.de\/?s={search_term_string}\"},\"query-input\":{\"@type\":\"PropertyValueSpecification\",\"valueRequired\":true,\"valueName\":\"search_term_string\"}}],\"inLanguage\":\"de\"},{\"@type\":\"Organization\",\"@id\":\"https:\/\/stroehmer.de\/#organization\",\"name\":\"IT-Business AG \/ Str\u00f6hmer Computersysteme GmbH\",\"url\":\"https:\/\/stroehmer.de\/\",\"logo\":{\"@type\":\"ImageObject\",\"inLanguage\":\"de\",\"@id\":\"https:\/\/stroehmer.de\/#\/schema\/logo\/image\/\",\"url\":\"https:\/\/stroehmer.de\/wp-content\/uploads\/2020\/08\/webseite-3.png\",\"contentUrl\":\"https:\/\/stroehmer.de\/wp-content\/uploads\/2020\/08\/webseite-3.png\",\"width\":318,\"height\":84,\"caption\":\"IT-Business AG \/ Str\u00f6hmer Computersysteme GmbH\"},\"image\":{\"@id\":\"https:\/\/stroehmer.de\/#\/schema\/logo\/image\/\"}}]}<\/script>\n<!-- \/ Yoast SEO plugin. -->","yoast_head_json":{"title":"Evergreen - Systemhaus f\u00fcr Bayern","description":"Firewall Spamfilter Netzwerke Systemadministration Sicherheit Datenschutz Programmierung Linux Windows Server Proxmox Vmware Hyper-V HPE Shop PC Reparatur Ingolstadt Audi VPN Zoom Nextcloud Cloud Exchange Mail 3cx Telefonanlagen IP-Telefonie Systemhaus IT Computersysteme","robots":{"index":"index","follow":"follow","max-snippet":"max-snippet:-1","max-image-preview":"max-image-preview:large","max-video-preview":"max-video-preview:-1"},"canonical":"https:\/\/stroehmer.de\/?page_id=484","og_locale":"de_DE","og_type":"article","og_title":"Evergreen - Systemhaus f\u00fcr Bayern","og_description":"Firewall Spamfilter Netzwerke Systemadministration Sicherheit Datenschutz Programmierung Linux Windows Server Proxmox Vmware Hyper-V HPE Shop PC Reparatur Ingolstadt Audi VPN Zoom Nextcloud Cloud Exchange Mail 3cx Telefonanlagen IP-Telefonie Systemhaus IT Computersysteme","og_url":"https:\/\/stroehmer.de\/?page_id=484","og_site_name":"Systemhaus f\u00fcr Bayern","article_modified_time":"2020-09-29T08:20:09+00:00","og_image":[{"url":"http:\/\/hw.it-business.org\/wp-content\/uploads\/2020\/09\/evergreen.jpg","type":"","width":"","height":""}],"twitter_card":"summary_large_image","schema":{"@context":"https:\/\/schema.org","@graph":[{"@type":"WebPage","@id":"https:\/\/stroehmer.de\/?page_id=484","url":"https:\/\/stroehmer.de\/?page_id=484","name":"Evergreen - Systemhaus f\u00fcr Bayern","isPartOf":{"@id":"https:\/\/stroehmer.de\/#website"},"primaryImageOfPage":{"@id":"https:\/\/stroehmer.de\/?page_id=484#primaryimage"},"image":{"@id":"https:\/\/stroehmer.de\/?page_id=484#primaryimage"},"thumbnailUrl":"http:\/\/hw.it-business.org\/wp-content\/uploads\/2020\/09\/evergreen.jpg","datePublished":"2020-09-21T09:51:41+00:00","dateModified":"2020-09-29T08:20:09+00:00","description":"Firewall Spamfilter Netzwerke Systemadministration Sicherheit Datenschutz Programmierung Linux Windows Server Proxmox Vmware Hyper-V HPE Shop PC Reparatur Ingolstadt Audi VPN Zoom Nextcloud Cloud Exchange Mail 3cx Telefonanlagen IP-Telefonie Systemhaus IT Computersysteme","breadcrumb":{"@id":"https:\/\/stroehmer.de\/?page_id=484#breadcrumb"},"inLanguage":"de","potentialAction":[{"@type":"ReadAction","target":["https:\/\/stroehmer.de\/?page_id=484"]}]},{"@type":"ImageObject","inLanguage":"de","@id":"https:\/\/stroehmer.de\/?page_id=484#primaryimage","url":"http:\/\/hw.it-business.org\/wp-content\/uploads\/2020\/09\/evergreen.jpg","contentUrl":"http:\/\/hw.it-business.org\/wp-content\/uploads\/2020\/09\/evergreen.jpg"},{"@type":"BreadcrumbList","@id":"https:\/\/stroehmer.de\/?page_id=484#breadcrumb","itemListElement":[{"@type":"ListItem","position":1,"name":"Startseite","item":"https:\/\/stroehmer.de\/"},{"@type":"ListItem","position":2,"name":"Evergreen"}]},{"@type":"WebSite","@id":"https:\/\/stroehmer.de\/#website","url":"https:\/\/stroehmer.de\/","name":"Systemhaus f\u00fcr Bayern","description":"Windows und Linux-Systeme","publisher":{"@id":"https:\/\/stroehmer.de\/#organization"},"potentialAction":[{"@type":"SearchAction","target":{"@type":"EntryPoint","urlTemplate":"https:\/\/stroehmer.de\/?s={search_term_string}"},"query-input":{"@type":"PropertyValueSpecification","valueRequired":true,"valueName":"search_term_string"}}],"inLanguage":"de"},{"@type":"Organization","@id":"https:\/\/stroehmer.de\/#organization","name":"IT-Business AG \/ Str\u00f6hmer Computersysteme GmbH","url":"https:\/\/stroehmer.de\/","logo":{"@type":"ImageObject","inLanguage":"de","@id":"https:\/\/stroehmer.de\/#\/schema\/logo\/image\/","url":"https:\/\/stroehmer.de\/wp-content\/uploads\/2020\/08\/webseite-3.png","contentUrl":"https:\/\/stroehmer.de\/wp-content\/uploads\/2020\/08\/webseite-3.png","width":318,"height":84,"caption":"IT-Business AG \/ Str\u00f6hmer Computersysteme GmbH"},"image":{"@id":"https:\/\/stroehmer.de\/#\/schema\/logo\/image\/"}}]}},"_links":{"self":[{"href":"https:\/\/stroehmer.de\/index.php?rest_route=\/wp\/v2\/pages\/484","targetHints":{"allow":["GET"]}}],"collection":[{"href":"https:\/\/stroehmer.de\/index.php?rest_route=\/wp\/v2\/pages"}],"about":[{"href":"https:\/\/stroehmer.de\/index.php?rest_route=\/wp\/v2\/types\/page"}],"author":[{"embeddable":true,"href":"https:\/\/stroehmer.de\/index.php?rest_route=\/wp\/v2\/users\/1"}],"replies":[{"embeddable":true,"href":"https:\/\/stroehmer.de\/index.php?rest_route=%2Fwp%2Fv2%2Fcomments&post=484"}],"version-history":[{"count":5,"href":"https:\/\/stroehmer.de\/index.php?rest_route=\/wp\/v2\/pages\/484\/revisions"}],"predecessor-version":[{"id":758,"href":"https:\/\/stroehmer.de\/index.php?rest_route=\/wp\/v2\/pages\/484\/revisions\/758"}],"wp:attachment":[{"href":"https:\/\/stroehmer.de\/index.php?rest_route=%2Fwp%2Fv2%2Fmedia&parent=484"}],"curies":[{"name":"wp","href":"https:\/\/api.w.org\/{rel}","templated":true}]}}