{"id":660,"date":"2020-09-25T11:28:46","date_gmt":"2020-09-25T09:28:46","guid":{"rendered":"https:\/\/hw.it-business.org\/?page_id=660"},"modified":"2023-12-22T11:25:43","modified_gmt":"2023-12-22T10:25:43","slug":"3cx","status":"publish","type":"page","link":"https:\/\/stroehmer.de\/?page_id=660","title":{"rendered":"3CX"},"content":{"rendered":"\n<p><\/p>\n\n\n\n<div class=\"wp-block-media-text alignwide is-stacked-on-mobile\" style=\"grid-template-columns:30% auto\"><figure class=\"wp-block-media-text__media\"><img loading=\"lazy\" decoding=\"async\" width=\"640\" height=\"640\" src=\"https:\/\/hw.it-business.org\/wp-content\/uploads\/2020\/09\/3CX-Partner.png\" alt=\"\" class=\"wp-image-656 size-full\" srcset=\"https:\/\/stroehmer.de\/wp-content\/uploads\/2020\/09\/3CX-Partner.png 640w, https:\/\/stroehmer.de\/wp-content\/uploads\/2020\/09\/3CX-Partner-300x300.png 300w, https:\/\/stroehmer.de\/wp-content\/uploads\/2020\/09\/3CX-Partner-150x150.png 150w\" sizes=\"auto, (max-width: 640px) 100vw, 640px\" \/><\/figure><div class=\"wp-block-media-text__content\">\n<p class=\"has-large-font-size\">Als 3CX Partner bieten wir Ihnen einen qualitativ hochwertigen Rundumservice.<\/p>\n\n\n\n<p>3CX ist der Marktf\u00fchrer von virtuellen Telefonanlagen. Dabei ist es egal, ob der Server bei Ihnen liegt oder in der Cloud. Durch die Virtualisierung bleiben Sie skalierbar und alles kann individuell auf Ihre Bed\u00fcrfnisse angepasst werden.<\/p>\n\n\n\n<p>Von der Installation bis zur Wartung bieten wir als Systemhaus alles an.<\/p>\n\n\n\n<p> G\u00e4ngige IP Telefone, oder auch verschiedene Softphone L\u00f6sungen k\u00f6nnen mit der Anlage verbunden werden. So k\u00f6nnen unproblematisch bereits vorhandene Smartphones und Rechner kostenfrei als Telefone fungieren.<\/p>\n\n\n\n<p>Sind Sie interessiert? Gerne k\u00f6nnen Sie mit uns einen Termin ausmachen und sich selber einen Eindruck an unserer Probeanlage verschaffen. <a href=\"https:\/\/hw.it-business.org\/?page_id=202\" data-type=\"page\" data-id=\"202\">Kontakt<\/a><\/p>\n<\/div><\/div>\n\n\n\n<p><\/p>\n","protected":false},"excerpt":{"rendered":"<p>Als 3CX Partner bieten wir Ihnen einen qualitativ hochwertigen Rundumservice. 3CX ist der Marktf\u00fchrer von virtuellen Telefonanlagen. Dabei ist es [&hellip;]<\/p>\n","protected":false},"author":1,"featured_media":0,"parent":0,"menu_order":0,"comment_status":"closed","ping_status":"closed","template":"","meta":{"footnotes":""},"class_list":["post-660","page","type-page","status-publish","hentry"],"yoast_head":"<!-- This site is optimized with the Yoast SEO plugin v26.8 - https:\/\/yoast.com\/product\/yoast-seo-wordpress\/ -->\n<title>3CX - Systemhaus f\u00fcr Bayern<\/title>\n<meta name=\"description\" content=\"Unser Systemhaus ist Partner der 3CX. Moderne IP-basierte Telefonie ben\u00f6tigt keine herk\u00f6mmliche Telefonanlage mehr, sondern nur noch ein Programm.\" \/>\n<meta name=\"robots\" content=\"index, follow, max-snippet:-1, max-image-preview:large, max-video-preview:-1\" \/>\n<link rel=\"canonical\" href=\"https:\/\/stroehmer.de\/?page_id=660\" \/>\n<meta property=\"og:locale\" content=\"de_DE\" \/>\n<meta property=\"og:type\" content=\"article\" \/>\n<meta property=\"og:title\" content=\"3CX - Systemhaus f\u00fcr Bayern\" \/>\n<meta property=\"og:description\" content=\"Unser Systemhaus ist Partner der 3CX. Moderne IP-basierte Telefonie ben\u00f6tigt keine herk\u00f6mmliche Telefonanlage mehr, sondern nur noch ein Programm.\" \/>\n<meta property=\"og:url\" content=\"https:\/\/stroehmer.de\/?page_id=660\" \/>\n<meta property=\"og:site_name\" content=\"Systemhaus f\u00fcr Bayern\" \/>\n<meta property=\"article:modified_time\" content=\"2023-12-22T10:25:43+00:00\" \/>\n<meta property=\"og:image\" content=\"https:\/\/hw.it-business.org\/wp-content\/uploads\/2020\/09\/3CX-Partner.png\" \/>\n<meta name=\"twitter:card\" content=\"summary_large_image\" \/>\n<meta name=\"twitter:label1\" content=\"Gesch\u00e4tzte Lesezeit\" \/>\n\t<meta name=\"twitter:data1\" content=\"1\u00a0Minute\" \/>\n<script type=\"application\/ld+json\" class=\"yoast-schema-graph\">{\"@context\":\"https:\/\/schema.org\",\"@graph\":[{\"@type\":\"WebPage\",\"@id\":\"https:\/\/stroehmer.de\/?page_id=660\",\"url\":\"https:\/\/stroehmer.de\/?page_id=660\",\"name\":\"3CX - Systemhaus f\u00fcr Bayern\",\"isPartOf\":{\"@id\":\"https:\/\/stroehmer.de\/#website\"},\"primaryImageOfPage\":{\"@id\":\"https:\/\/stroehmer.de\/?page_id=660#primaryimage\"},\"image\":{\"@id\":\"https:\/\/stroehmer.de\/?page_id=660#primaryimage\"},\"thumbnailUrl\":\"https:\/\/hw.it-business.org\/wp-content\/uploads\/2020\/09\/3CX-Partner.png\",\"datePublished\":\"2020-09-25T09:28:46+00:00\",\"dateModified\":\"2023-12-22T10:25:43+00:00\",\"description\":\"Unser Systemhaus ist Partner der 3CX. Moderne IP-basierte Telefonie ben\u00f6tigt keine herk\u00f6mmliche Telefonanlage mehr, sondern nur noch ein Programm.\",\"breadcrumb\":{\"@id\":\"https:\/\/stroehmer.de\/?page_id=660#breadcrumb\"},\"inLanguage\":\"de\",\"potentialAction\":[{\"@type\":\"ReadAction\",\"target\":[\"https:\/\/stroehmer.de\/?page_id=660\"]}]},{\"@type\":\"ImageObject\",\"inLanguage\":\"de\",\"@id\":\"https:\/\/stroehmer.de\/?page_id=660#primaryimage\",\"url\":\"https:\/\/hw.it-business.org\/wp-content\/uploads\/2020\/09\/3CX-Partner.png\",\"contentUrl\":\"https:\/\/hw.it-business.org\/wp-content\/uploads\/2020\/09\/3CX-Partner.png\"},{\"@type\":\"BreadcrumbList\",\"@id\":\"https:\/\/stroehmer.de\/?page_id=660#breadcrumb\",\"itemListElement\":[{\"@type\":\"ListItem\",\"position\":1,\"name\":\"Startseite\",\"item\":\"https:\/\/stroehmer.de\/\"},{\"@type\":\"ListItem\",\"position\":2,\"name\":\"3CX\"}]},{\"@type\":\"WebSite\",\"@id\":\"https:\/\/stroehmer.de\/#website\",\"url\":\"https:\/\/stroehmer.de\/\",\"name\":\"Systemhaus f\u00fcr Bayern\",\"description\":\"Windows und Linux-Systeme\",\"publisher\":{\"@id\":\"https:\/\/stroehmer.de\/#organization\"},\"potentialAction\":[{\"@type\":\"SearchAction\",\"target\":{\"@type\":\"EntryPoint\",\"urlTemplate\":\"https:\/\/stroehmer.de\/?s={search_term_string}\"},\"query-input\":{\"@type\":\"PropertyValueSpecification\",\"valueRequired\":true,\"valueName\":\"search_term_string\"}}],\"inLanguage\":\"de\"},{\"@type\":\"Organization\",\"@id\":\"https:\/\/stroehmer.de\/#organization\",\"name\":\"IT-Business AG \/ Str\u00f6hmer Computersysteme GmbH\",\"url\":\"https:\/\/stroehmer.de\/\",\"logo\":{\"@type\":\"ImageObject\",\"inLanguage\":\"de\",\"@id\":\"https:\/\/stroehmer.de\/#\/schema\/logo\/image\/\",\"url\":\"https:\/\/stroehmer.de\/wp-content\/uploads\/2020\/08\/webseite-3.png\",\"contentUrl\":\"https:\/\/stroehmer.de\/wp-content\/uploads\/2020\/08\/webseite-3.png\",\"width\":318,\"height\":84,\"caption\":\"IT-Business AG \/ Str\u00f6hmer Computersysteme GmbH\"},\"image\":{\"@id\":\"https:\/\/stroehmer.de\/#\/schema\/logo\/image\/\"}}]}<\/script>\n<!-- \/ Yoast SEO plugin. -->","yoast_head_json":{"title":"3CX - Systemhaus f\u00fcr Bayern","description":"Unser Systemhaus ist Partner der 3CX. Moderne IP-basierte Telefonie ben\u00f6tigt keine herk\u00f6mmliche Telefonanlage mehr, sondern nur noch ein Programm.","robots":{"index":"index","follow":"follow","max-snippet":"max-snippet:-1","max-image-preview":"max-image-preview:large","max-video-preview":"max-video-preview:-1"},"canonical":"https:\/\/stroehmer.de\/?page_id=660","og_locale":"de_DE","og_type":"article","og_title":"3CX - Systemhaus f\u00fcr Bayern","og_description":"Unser Systemhaus ist Partner der 3CX. Moderne IP-basierte Telefonie ben\u00f6tigt keine herk\u00f6mmliche Telefonanlage mehr, sondern nur noch ein Programm.","og_url":"https:\/\/stroehmer.de\/?page_id=660","og_site_name":"Systemhaus f\u00fcr Bayern","article_modified_time":"2023-12-22T10:25:43+00:00","og_image":[{"url":"https:\/\/hw.it-business.org\/wp-content\/uploads\/2020\/09\/3CX-Partner.png","type":"","width":"","height":""}],"twitter_card":"summary_large_image","twitter_misc":{"Gesch\u00e4tzte Lesezeit":"1\u00a0Minute"},"schema":{"@context":"https:\/\/schema.org","@graph":[{"@type":"WebPage","@id":"https:\/\/stroehmer.de\/?page_id=660","url":"https:\/\/stroehmer.de\/?page_id=660","name":"3CX - Systemhaus f\u00fcr Bayern","isPartOf":{"@id":"https:\/\/stroehmer.de\/#website"},"primaryImageOfPage":{"@id":"https:\/\/stroehmer.de\/?page_id=660#primaryimage"},"image":{"@id":"https:\/\/stroehmer.de\/?page_id=660#primaryimage"},"thumbnailUrl":"https:\/\/hw.it-business.org\/wp-content\/uploads\/2020\/09\/3CX-Partner.png","datePublished":"2020-09-25T09:28:46+00:00","dateModified":"2023-12-22T10:25:43+00:00","description":"Unser Systemhaus ist Partner der 3CX. Moderne IP-basierte Telefonie ben\u00f6tigt keine herk\u00f6mmliche Telefonanlage mehr, sondern nur noch ein Programm.","breadcrumb":{"@id":"https:\/\/stroehmer.de\/?page_id=660#breadcrumb"},"inLanguage":"de","potentialAction":[{"@type":"ReadAction","target":["https:\/\/stroehmer.de\/?page_id=660"]}]},{"@type":"ImageObject","inLanguage":"de","@id":"https:\/\/stroehmer.de\/?page_id=660#primaryimage","url":"https:\/\/hw.it-business.org\/wp-content\/uploads\/2020\/09\/3CX-Partner.png","contentUrl":"https:\/\/hw.it-business.org\/wp-content\/uploads\/2020\/09\/3CX-Partner.png"},{"@type":"BreadcrumbList","@id":"https:\/\/stroehmer.de\/?page_id=660#breadcrumb","itemListElement":[{"@type":"ListItem","position":1,"name":"Startseite","item":"https:\/\/stroehmer.de\/"},{"@type":"ListItem","position":2,"name":"3CX"}]},{"@type":"WebSite","@id":"https:\/\/stroehmer.de\/#website","url":"https:\/\/stroehmer.de\/","name":"Systemhaus f\u00fcr Bayern","description":"Windows und Linux-Systeme","publisher":{"@id":"https:\/\/stroehmer.de\/#organization"},"potentialAction":[{"@type":"SearchAction","target":{"@type":"EntryPoint","urlTemplate":"https:\/\/stroehmer.de\/?s={search_term_string}"},"query-input":{"@type":"PropertyValueSpecification","valueRequired":true,"valueName":"search_term_string"}}],"inLanguage":"de"},{"@type":"Organization","@id":"https:\/\/stroehmer.de\/#organization","name":"IT-Business AG \/ Str\u00f6hmer Computersysteme GmbH","url":"https:\/\/stroehmer.de\/","logo":{"@type":"ImageObject","inLanguage":"de","@id":"https:\/\/stroehmer.de\/#\/schema\/logo\/image\/","url":"https:\/\/stroehmer.de\/wp-content\/uploads\/2020\/08\/webseite-3.png","contentUrl":"https:\/\/stroehmer.de\/wp-content\/uploads\/2020\/08\/webseite-3.png","width":318,"height":84,"caption":"IT-Business AG \/ Str\u00f6hmer Computersysteme GmbH"},"image":{"@id":"https:\/\/stroehmer.de\/#\/schema\/logo\/image\/"}}]}},"_links":{"self":[{"href":"https:\/\/stroehmer.de\/index.php?rest_route=\/wp\/v2\/pages\/660","targetHints":{"allow":["GET"]}}],"collection":[{"href":"https:\/\/stroehmer.de\/index.php?rest_route=\/wp\/v2\/pages"}],"about":[{"href":"https:\/\/stroehmer.de\/index.php?rest_route=\/wp\/v2\/types\/page"}],"author":[{"embeddable":true,"href":"https:\/\/stroehmer.de\/index.php?rest_route=\/wp\/v2\/users\/1"}],"replies":[{"embeddable":true,"href":"https:\/\/stroehmer.de\/index.php?rest_route=%2Fwp%2Fv2%2Fcomments&post=660"}],"version-history":[{"count":5,"href":"https:\/\/stroehmer.de\/index.php?rest_route=\/wp\/v2\/pages\/660\/revisions"}],"predecessor-version":[{"id":1066,"href":"https:\/\/stroehmer.de\/index.php?rest_route=\/wp\/v2\/pages\/660\/revisions\/1066"}],"wp:attachment":[{"href":"https:\/\/stroehmer.de\/index.php?rest_route=%2Fwp%2Fv2%2Fmedia&parent=660"}],"curies":[{"name":"wp","href":"https:\/\/api.w.org\/{rel}","templated":true}]}}