{"id":786,"date":"2020-09-29T12:17:07","date_gmt":"2020-09-29T10:17:07","guid":{"rendered":"https:\/\/stroehmer.de\/?page_id=786"},"modified":"2020-09-29T14:01:22","modified_gmt":"2020-09-29T12:01:22","slug":"1-2","status":"publish","type":"page","link":"https:\/\/stroehmer.de\/?page_id=786","title":{"rendered":"Lan und Cloud"},"content":{"rendered":"\n<div style=\"height:35px\" aria-hidden=\"true\" class=\"wp-block-spacer\"><\/div>\n\n\n\n<div class=\"wp-block-columns is-layout-flex wp-container-core-columns-is-layout-1 wp-block-columns-is-layout-flex\">\n<div class=\"wp-block-column is-layout-flow wp-block-column-is-layout-flow\">\n<p><em>Vertrieb verschiedener Hard- und Softwareprodukte<\/em><\/p>\n\n\n\n<p><em>Mit unserem starken Netzwerk halten wir f\u00fcr jedes EDV-Problem eine Experten bereit. Eine Netzverwaltung aus der Cloud ist kosteng\u00fcnstig und vereinfacht das Einrichten und \u00dcberwachen. Ganz gleich f\u00fcr ein Unternehmen oder privat. Eine sinnvolle Mischung inkl. Einbindung von Smartphones (iPhone\/Android) stellen wir Ihnen gerne vor.<\/em><\/p>\n<\/div>\n\n\n\n<div class=\"wp-block-column is-layout-flow wp-block-column-is-layout-flow\">\n<div class=\"wp-block-image\"><figure class=\"aligncenter is-resized\"><img loading=\"lazy\" decoding=\"async\" src=\"https:\/\/cdn.pixabay.com\/photo\/2017\/05\/09\/13\/33\/laptop-2298286_960_720.png\" alt=\"Laptop, Computer, Tragbar, Pc, Technologie\" width=\"215\" height=\"179\"\/><\/figure><\/div>\n\n\n<\/div>\n<\/div>\n\n\n\n<div style=\"height:58px\" aria-hidden=\"true\" class=\"wp-block-spacer\"><\/div>\n\n\n\n<div class=\"wp-block-columns is-layout-flex wp-container-core-columns-is-layout-2 wp-block-columns-is-layout-flex\">\n<div class=\"wp-block-column is-layout-flow wp-block-column-is-layout-flow\"><\/div>\n\n\n\n<div class=\"wp-block-column is-layout-flow wp-block-column-is-layout-flow\"><\/div>\n<\/div>\n\n\n\n<p><\/p>\n","protected":false},"excerpt":{"rendered":"<p>Vertrieb verschiedener Hard- und Softwareprodukte Mit unserem starken Netzwerk halten wir f\u00fcr jedes EDV-Problem eine Experten bereit. Eine Netzverwaltung aus [&hellip;]<\/p>\n","protected":false},"author":1,"featured_media":0,"parent":0,"menu_order":0,"comment_status":"closed","ping_status":"closed","template":"","meta":{"footnotes":""},"class_list":["post-786","page","type-page","status-publish","hentry"],"yoast_head":"<!-- This site is optimized with the Yoast SEO plugin v26.8 - https:\/\/yoast.com\/product\/yoast-seo-wordpress\/ -->\n<title>Lan und Cloud - Systemhaus f\u00fcr Bayern<\/title>\n<meta name=\"description\" content=\"Firewall Spamfilter Netzwerke Systemadministration Sicherheit Datenschutz Programmierung Linux Windows Server Proxmox Vmware Hyper-V HPE Shop PC Reparatur Ingolstadt Audi VPN Zoom Nextcloud Cloud Exchange Mail 3cx Telefonanlagen IP-Telefonie Systemhaus IT Computersysteme\" \/>\n<meta name=\"robots\" content=\"index, follow, max-snippet:-1, max-image-preview:large, max-video-preview:-1\" \/>\n<link rel=\"canonical\" href=\"https:\/\/stroehmer.de\/?page_id=786\" \/>\n<meta property=\"og:locale\" content=\"de_DE\" \/>\n<meta property=\"og:type\" content=\"article\" \/>\n<meta property=\"og:title\" content=\"Lan und Cloud - Systemhaus f\u00fcr Bayern\" \/>\n<meta property=\"og:description\" content=\"Firewall Spamfilter Netzwerke Systemadministration Sicherheit Datenschutz Programmierung Linux Windows Server Proxmox Vmware Hyper-V HPE Shop PC Reparatur Ingolstadt Audi VPN Zoom Nextcloud Cloud Exchange Mail 3cx Telefonanlagen IP-Telefonie Systemhaus IT Computersysteme\" \/>\n<meta property=\"og:url\" content=\"https:\/\/stroehmer.de\/?page_id=786\" \/>\n<meta property=\"og:site_name\" content=\"Systemhaus f\u00fcr Bayern\" \/>\n<meta property=\"article:modified_time\" content=\"2020-09-29T12:01:22+00:00\" \/>\n<meta property=\"og:image\" content=\"https:\/\/cdn.pixabay.com\/photo\/2017\/05\/09\/13\/33\/laptop-2298286_960_720.png\" \/>\n<meta name=\"twitter:card\" content=\"summary_large_image\" \/>\n<script type=\"application\/ld+json\" class=\"yoast-schema-graph\">{\"@context\":\"https:\/\/schema.org\",\"@graph\":[{\"@type\":\"WebPage\",\"@id\":\"https:\/\/stroehmer.de\/?page_id=786\",\"url\":\"https:\/\/stroehmer.de\/?page_id=786\",\"name\":\"Lan und Cloud - Systemhaus f\u00fcr Bayern\",\"isPartOf\":{\"@id\":\"https:\/\/stroehmer.de\/#website\"},\"primaryImageOfPage\":{\"@id\":\"https:\/\/stroehmer.de\/?page_id=786#primaryimage\"},\"image\":{\"@id\":\"https:\/\/stroehmer.de\/?page_id=786#primaryimage\"},\"thumbnailUrl\":\"https:\/\/cdn.pixabay.com\/photo\/2017\/05\/09\/13\/33\/laptop-2298286_960_720.png\",\"datePublished\":\"2020-09-29T10:17:07+00:00\",\"dateModified\":\"2020-09-29T12:01:22+00:00\",\"description\":\"Firewall Spamfilter Netzwerke Systemadministration Sicherheit Datenschutz Programmierung Linux Windows Server Proxmox Vmware Hyper-V HPE Shop PC Reparatur Ingolstadt Audi VPN Zoom Nextcloud Cloud Exchange Mail 3cx Telefonanlagen IP-Telefonie Systemhaus IT Computersysteme\",\"breadcrumb\":{\"@id\":\"https:\/\/stroehmer.de\/?page_id=786#breadcrumb\"},\"inLanguage\":\"de\",\"potentialAction\":[{\"@type\":\"ReadAction\",\"target\":[\"https:\/\/stroehmer.de\/?page_id=786\"]}]},{\"@type\":\"ImageObject\",\"inLanguage\":\"de\",\"@id\":\"https:\/\/stroehmer.de\/?page_id=786#primaryimage\",\"url\":\"https:\/\/cdn.pixabay.com\/photo\/2017\/05\/09\/13\/33\/laptop-2298286_960_720.png\",\"contentUrl\":\"https:\/\/cdn.pixabay.com\/photo\/2017\/05\/09\/13\/33\/laptop-2298286_960_720.png\"},{\"@type\":\"BreadcrumbList\",\"@id\":\"https:\/\/stroehmer.de\/?page_id=786#breadcrumb\",\"itemListElement\":[{\"@type\":\"ListItem\",\"position\":1,\"name\":\"Startseite\",\"item\":\"https:\/\/stroehmer.de\/\"},{\"@type\":\"ListItem\",\"position\":2,\"name\":\"Lan und Cloud\"}]},{\"@type\":\"WebSite\",\"@id\":\"https:\/\/stroehmer.de\/#website\",\"url\":\"https:\/\/stroehmer.de\/\",\"name\":\"Systemhaus f\u00fcr Bayern\",\"description\":\"Windows und Linux-Systeme\",\"publisher\":{\"@id\":\"https:\/\/stroehmer.de\/#organization\"},\"potentialAction\":[{\"@type\":\"SearchAction\",\"target\":{\"@type\":\"EntryPoint\",\"urlTemplate\":\"https:\/\/stroehmer.de\/?s={search_term_string}\"},\"query-input\":{\"@type\":\"PropertyValueSpecification\",\"valueRequired\":true,\"valueName\":\"search_term_string\"}}],\"inLanguage\":\"de\"},{\"@type\":\"Organization\",\"@id\":\"https:\/\/stroehmer.de\/#organization\",\"name\":\"IT-Business AG \/ Str\u00f6hmer Computersysteme GmbH\",\"url\":\"https:\/\/stroehmer.de\/\",\"logo\":{\"@type\":\"ImageObject\",\"inLanguage\":\"de\",\"@id\":\"https:\/\/stroehmer.de\/#\/schema\/logo\/image\/\",\"url\":\"https:\/\/stroehmer.de\/wp-content\/uploads\/2020\/08\/webseite-3.png\",\"contentUrl\":\"https:\/\/stroehmer.de\/wp-content\/uploads\/2020\/08\/webseite-3.png\",\"width\":318,\"height\":84,\"caption\":\"IT-Business AG \/ Str\u00f6hmer Computersysteme GmbH\"},\"image\":{\"@id\":\"https:\/\/stroehmer.de\/#\/schema\/logo\/image\/\"}}]}<\/script>\n<!-- \/ Yoast SEO plugin. -->","yoast_head_json":{"title":"Lan und Cloud - Systemhaus f\u00fcr Bayern","description":"Firewall Spamfilter Netzwerke Systemadministration Sicherheit Datenschutz Programmierung Linux Windows Server Proxmox Vmware Hyper-V HPE Shop PC Reparatur Ingolstadt Audi VPN Zoom Nextcloud Cloud Exchange Mail 3cx Telefonanlagen IP-Telefonie Systemhaus IT Computersysteme","robots":{"index":"index","follow":"follow","max-snippet":"max-snippet:-1","max-image-preview":"max-image-preview:large","max-video-preview":"max-video-preview:-1"},"canonical":"https:\/\/stroehmer.de\/?page_id=786","og_locale":"de_DE","og_type":"article","og_title":"Lan und Cloud - Systemhaus f\u00fcr Bayern","og_description":"Firewall Spamfilter Netzwerke Systemadministration Sicherheit Datenschutz Programmierung Linux Windows Server Proxmox Vmware Hyper-V HPE Shop PC Reparatur Ingolstadt Audi VPN Zoom Nextcloud Cloud Exchange Mail 3cx Telefonanlagen IP-Telefonie Systemhaus IT Computersysteme","og_url":"https:\/\/stroehmer.de\/?page_id=786","og_site_name":"Systemhaus f\u00fcr Bayern","article_modified_time":"2020-09-29T12:01:22+00:00","og_image":[{"url":"https:\/\/cdn.pixabay.com\/photo\/2017\/05\/09\/13\/33\/laptop-2298286_960_720.png","type":"","width":"","height":""}],"twitter_card":"summary_large_image","schema":{"@context":"https:\/\/schema.org","@graph":[{"@type":"WebPage","@id":"https:\/\/stroehmer.de\/?page_id=786","url":"https:\/\/stroehmer.de\/?page_id=786","name":"Lan und Cloud - Systemhaus f\u00fcr Bayern","isPartOf":{"@id":"https:\/\/stroehmer.de\/#website"},"primaryImageOfPage":{"@id":"https:\/\/stroehmer.de\/?page_id=786#primaryimage"},"image":{"@id":"https:\/\/stroehmer.de\/?page_id=786#primaryimage"},"thumbnailUrl":"https:\/\/cdn.pixabay.com\/photo\/2017\/05\/09\/13\/33\/laptop-2298286_960_720.png","datePublished":"2020-09-29T10:17:07+00:00","dateModified":"2020-09-29T12:01:22+00:00","description":"Firewall Spamfilter Netzwerke Systemadministration Sicherheit Datenschutz Programmierung Linux Windows Server Proxmox Vmware Hyper-V HPE Shop PC Reparatur Ingolstadt Audi VPN Zoom Nextcloud Cloud Exchange Mail 3cx Telefonanlagen IP-Telefonie Systemhaus IT Computersysteme","breadcrumb":{"@id":"https:\/\/stroehmer.de\/?page_id=786#breadcrumb"},"inLanguage":"de","potentialAction":[{"@type":"ReadAction","target":["https:\/\/stroehmer.de\/?page_id=786"]}]},{"@type":"ImageObject","inLanguage":"de","@id":"https:\/\/stroehmer.de\/?page_id=786#primaryimage","url":"https:\/\/cdn.pixabay.com\/photo\/2017\/05\/09\/13\/33\/laptop-2298286_960_720.png","contentUrl":"https:\/\/cdn.pixabay.com\/photo\/2017\/05\/09\/13\/33\/laptop-2298286_960_720.png"},{"@type":"BreadcrumbList","@id":"https:\/\/stroehmer.de\/?page_id=786#breadcrumb","itemListElement":[{"@type":"ListItem","position":1,"name":"Startseite","item":"https:\/\/stroehmer.de\/"},{"@type":"ListItem","position":2,"name":"Lan und Cloud"}]},{"@type":"WebSite","@id":"https:\/\/stroehmer.de\/#website","url":"https:\/\/stroehmer.de\/","name":"Systemhaus f\u00fcr Bayern","description":"Windows und Linux-Systeme","publisher":{"@id":"https:\/\/stroehmer.de\/#organization"},"potentialAction":[{"@type":"SearchAction","target":{"@type":"EntryPoint","urlTemplate":"https:\/\/stroehmer.de\/?s={search_term_string}"},"query-input":{"@type":"PropertyValueSpecification","valueRequired":true,"valueName":"search_term_string"}}],"inLanguage":"de"},{"@type":"Organization","@id":"https:\/\/stroehmer.de\/#organization","name":"IT-Business AG \/ Str\u00f6hmer Computersysteme GmbH","url":"https:\/\/stroehmer.de\/","logo":{"@type":"ImageObject","inLanguage":"de","@id":"https:\/\/stroehmer.de\/#\/schema\/logo\/image\/","url":"https:\/\/stroehmer.de\/wp-content\/uploads\/2020\/08\/webseite-3.png","contentUrl":"https:\/\/stroehmer.de\/wp-content\/uploads\/2020\/08\/webseite-3.png","width":318,"height":84,"caption":"IT-Business AG \/ Str\u00f6hmer Computersysteme GmbH"},"image":{"@id":"https:\/\/stroehmer.de\/#\/schema\/logo\/image\/"}}]}},"_links":{"self":[{"href":"https:\/\/stroehmer.de\/index.php?rest_route=\/wp\/v2\/pages\/786","targetHints":{"allow":["GET"]}}],"collection":[{"href":"https:\/\/stroehmer.de\/index.php?rest_route=\/wp\/v2\/pages"}],"about":[{"href":"https:\/\/stroehmer.de\/index.php?rest_route=\/wp\/v2\/types\/page"}],"author":[{"embeddable":true,"href":"https:\/\/stroehmer.de\/index.php?rest_route=\/wp\/v2\/users\/1"}],"replies":[{"embeddable":true,"href":"https:\/\/stroehmer.de\/index.php?rest_route=%2Fwp%2Fv2%2Fcomments&post=786"}],"version-history":[{"count":13,"href":"https:\/\/stroehmer.de\/index.php?rest_route=\/wp\/v2\/pages\/786\/revisions"}],"predecessor-version":[{"id":884,"href":"https:\/\/stroehmer.de\/index.php?rest_route=\/wp\/v2\/pages\/786\/revisions\/884"}],"wp:attachment":[{"href":"https:\/\/stroehmer.de\/index.php?rest_route=%2Fwp%2Fv2%2Fmedia&parent=786"}],"curies":[{"name":"wp","href":"https:\/\/api.w.org\/{rel}","templated":true}]}}