{"id":789,"date":"2020-09-29T12:18:55","date_gmt":"2020-09-29T10:18:55","guid":{"rendered":"https:\/\/stroehmer.de\/?page_id=789"},"modified":"2020-09-29T14:07:49","modified_gmt":"2020-09-29T12:07:49","slug":"ueberwachung","status":"publish","type":"page","link":"https:\/\/stroehmer.de\/?page_id=789","title":{"rendered":"\u00dcberwachung"},"content":{"rendered":"\n<p><\/p>\n\n\n\n<div class=\"wp-block-columns is-layout-flex wp-container-core-columns-is-layout-1 wp-block-columns-is-layout-flex\">\n<div class=\"wp-block-column is-layout-flow wp-block-column-is-layout-flow\">\n<p><em>Planung + Installation und Video\u00fcberwachungs-systeme<\/em><\/p>\n\n\n\n<p><em>Eine wichtiger Sicherheitsaspekt ist heutzutage die \u00dcberwachung von Geb\u00e4uden und Servern. Wir planen f\u00fcr Sie den korrekten Einsatz von \u00dcberwachungssystemen und finden die passende L\u00f6sung f\u00fcr ihr Problem. Wir beraten Sie mit unserem kompetenten Personal und stehen f\u00fcr Sie bereit.<\/em><\/p>\n<\/div>\n\n\n\n<div class=\"wp-block-column is-layout-flow wp-block-column-is-layout-flow\">\n<div class=\"wp-block-image\"><figure class=\"aligncenter is-resized\"><img loading=\"lazy\" decoding=\"async\" src=\"https:\/\/cdn.pixabay.com\/photo\/2020\/03\/09\/05\/18\/eye-4914536_960_720.png\" alt=\"Auge, Optische, Vision, Siehe, Abstrakt, \u00dcberwachung\" width=\"334\" height=\"167\"\/><\/figure><\/div>\n\n\n\n<p><\/p>\n<\/div>\n<\/div>\n\n\n\n<p><\/p>\n","protected":false},"excerpt":{"rendered":"<p>Planung + Installation und Video\u00fcberwachungs-systeme Eine wichtiger Sicherheitsaspekt ist heutzutage die \u00dcberwachung von Geb\u00e4uden und Servern. Wir planen f\u00fcr Sie [&hellip;]<\/p>\n","protected":false},"author":1,"featured_media":0,"parent":0,"menu_order":0,"comment_status":"closed","ping_status":"closed","template":"","meta":{"footnotes":""},"class_list":["post-789","page","type-page","status-publish","hentry"],"yoast_head":"<!-- This site is optimized with the Yoast SEO plugin v26.8 - https:\/\/yoast.com\/product\/yoast-seo-wordpress\/ -->\n<title>\u00dcberwachung - Systemhaus f\u00fcr Bayern<\/title>\n<meta name=\"description\" content=\"Firewall Spamfilter Netzwerke Systemadministration Sicherheit Datenschutz Programmierung Linux Windows Server Proxmox Vmware Hyper-V HPE Shop PC Reparatur Ingolstadt Audi VPN Zoom Nextcloud Cloud Exchange Mail 3cx Telefonanlagen IP-Telefonie Systemhaus IT Computersysteme\" \/>\n<meta name=\"robots\" content=\"index, follow, max-snippet:-1, max-image-preview:large, max-video-preview:-1\" \/>\n<link rel=\"canonical\" href=\"https:\/\/stroehmer.de\/?page_id=789\" \/>\n<meta property=\"og:locale\" content=\"de_DE\" \/>\n<meta property=\"og:type\" content=\"article\" \/>\n<meta property=\"og:title\" content=\"\u00dcberwachung - Systemhaus f\u00fcr Bayern\" \/>\n<meta property=\"og:description\" content=\"Firewall Spamfilter Netzwerke Systemadministration Sicherheit Datenschutz Programmierung Linux Windows Server Proxmox Vmware Hyper-V HPE Shop PC Reparatur Ingolstadt Audi VPN Zoom Nextcloud Cloud Exchange Mail 3cx Telefonanlagen IP-Telefonie Systemhaus IT Computersysteme\" \/>\n<meta property=\"og:url\" content=\"https:\/\/stroehmer.de\/?page_id=789\" \/>\n<meta property=\"og:site_name\" content=\"Systemhaus f\u00fcr Bayern\" \/>\n<meta property=\"article:modified_time\" content=\"2020-09-29T12:07:49+00:00\" \/>\n<meta property=\"og:image\" content=\"https:\/\/cdn.pixabay.com\/photo\/2020\/03\/09\/05\/18\/eye-4914536_960_720.png\" \/>\n<meta name=\"twitter:card\" content=\"summary_large_image\" \/>\n<script type=\"application\/ld+json\" class=\"yoast-schema-graph\">{\"@context\":\"https:\/\/schema.org\",\"@graph\":[{\"@type\":\"WebPage\",\"@id\":\"https:\/\/stroehmer.de\/?page_id=789\",\"url\":\"https:\/\/stroehmer.de\/?page_id=789\",\"name\":\"\u00dcberwachung - Systemhaus f\u00fcr Bayern\",\"isPartOf\":{\"@id\":\"https:\/\/stroehmer.de\/#website\"},\"primaryImageOfPage\":{\"@id\":\"https:\/\/stroehmer.de\/?page_id=789#primaryimage\"},\"image\":{\"@id\":\"https:\/\/stroehmer.de\/?page_id=789#primaryimage\"},\"thumbnailUrl\":\"https:\/\/cdn.pixabay.com\/photo\/2020\/03\/09\/05\/18\/eye-4914536_960_720.png\",\"datePublished\":\"2020-09-29T10:18:55+00:00\",\"dateModified\":\"2020-09-29T12:07:49+00:00\",\"description\":\"Firewall Spamfilter Netzwerke Systemadministration Sicherheit Datenschutz Programmierung Linux Windows Server Proxmox Vmware Hyper-V HPE Shop PC Reparatur Ingolstadt Audi VPN Zoom Nextcloud Cloud Exchange Mail 3cx Telefonanlagen IP-Telefonie Systemhaus IT Computersysteme\",\"breadcrumb\":{\"@id\":\"https:\/\/stroehmer.de\/?page_id=789#breadcrumb\"},\"inLanguage\":\"de\",\"potentialAction\":[{\"@type\":\"ReadAction\",\"target\":[\"https:\/\/stroehmer.de\/?page_id=789\"]}]},{\"@type\":\"ImageObject\",\"inLanguage\":\"de\",\"@id\":\"https:\/\/stroehmer.de\/?page_id=789#primaryimage\",\"url\":\"https:\/\/cdn.pixabay.com\/photo\/2020\/03\/09\/05\/18\/eye-4914536_960_720.png\",\"contentUrl\":\"https:\/\/cdn.pixabay.com\/photo\/2020\/03\/09\/05\/18\/eye-4914536_960_720.png\"},{\"@type\":\"BreadcrumbList\",\"@id\":\"https:\/\/stroehmer.de\/?page_id=789#breadcrumb\",\"itemListElement\":[{\"@type\":\"ListItem\",\"position\":1,\"name\":\"Startseite\",\"item\":\"https:\/\/stroehmer.de\/\"},{\"@type\":\"ListItem\",\"position\":2,\"name\":\"\u00dcberwachung\"}]},{\"@type\":\"WebSite\",\"@id\":\"https:\/\/stroehmer.de\/#website\",\"url\":\"https:\/\/stroehmer.de\/\",\"name\":\"Systemhaus f\u00fcr Bayern\",\"description\":\"Windows und Linux-Systeme\",\"publisher\":{\"@id\":\"https:\/\/stroehmer.de\/#organization\"},\"potentialAction\":[{\"@type\":\"SearchAction\",\"target\":{\"@type\":\"EntryPoint\",\"urlTemplate\":\"https:\/\/stroehmer.de\/?s={search_term_string}\"},\"query-input\":{\"@type\":\"PropertyValueSpecification\",\"valueRequired\":true,\"valueName\":\"search_term_string\"}}],\"inLanguage\":\"de\"},{\"@type\":\"Organization\",\"@id\":\"https:\/\/stroehmer.de\/#organization\",\"name\":\"IT-Business AG \/ Str\u00f6hmer Computersysteme GmbH\",\"url\":\"https:\/\/stroehmer.de\/\",\"logo\":{\"@type\":\"ImageObject\",\"inLanguage\":\"de\",\"@id\":\"https:\/\/stroehmer.de\/#\/schema\/logo\/image\/\",\"url\":\"https:\/\/stroehmer.de\/wp-content\/uploads\/2020\/08\/webseite-3.png\",\"contentUrl\":\"https:\/\/stroehmer.de\/wp-content\/uploads\/2020\/08\/webseite-3.png\",\"width\":318,\"height\":84,\"caption\":\"IT-Business AG \/ Str\u00f6hmer Computersysteme GmbH\"},\"image\":{\"@id\":\"https:\/\/stroehmer.de\/#\/schema\/logo\/image\/\"}}]}<\/script>\n<!-- \/ Yoast SEO plugin. -->","yoast_head_json":{"title":"\u00dcberwachung - Systemhaus f\u00fcr Bayern","description":"Firewall Spamfilter Netzwerke Systemadministration Sicherheit Datenschutz Programmierung Linux Windows Server Proxmox Vmware Hyper-V HPE Shop PC Reparatur Ingolstadt Audi VPN Zoom Nextcloud Cloud Exchange Mail 3cx Telefonanlagen IP-Telefonie Systemhaus IT Computersysteme","robots":{"index":"index","follow":"follow","max-snippet":"max-snippet:-1","max-image-preview":"max-image-preview:large","max-video-preview":"max-video-preview:-1"},"canonical":"https:\/\/stroehmer.de\/?page_id=789","og_locale":"de_DE","og_type":"article","og_title":"\u00dcberwachung - Systemhaus f\u00fcr Bayern","og_description":"Firewall Spamfilter Netzwerke Systemadministration Sicherheit Datenschutz Programmierung Linux Windows Server Proxmox Vmware Hyper-V HPE Shop PC Reparatur Ingolstadt Audi VPN Zoom Nextcloud Cloud Exchange Mail 3cx Telefonanlagen IP-Telefonie Systemhaus IT Computersysteme","og_url":"https:\/\/stroehmer.de\/?page_id=789","og_site_name":"Systemhaus f\u00fcr Bayern","article_modified_time":"2020-09-29T12:07:49+00:00","og_image":[{"url":"https:\/\/cdn.pixabay.com\/photo\/2020\/03\/09\/05\/18\/eye-4914536_960_720.png","type":"","width":"","height":""}],"twitter_card":"summary_large_image","schema":{"@context":"https:\/\/schema.org","@graph":[{"@type":"WebPage","@id":"https:\/\/stroehmer.de\/?page_id=789","url":"https:\/\/stroehmer.de\/?page_id=789","name":"\u00dcberwachung - Systemhaus f\u00fcr Bayern","isPartOf":{"@id":"https:\/\/stroehmer.de\/#website"},"primaryImageOfPage":{"@id":"https:\/\/stroehmer.de\/?page_id=789#primaryimage"},"image":{"@id":"https:\/\/stroehmer.de\/?page_id=789#primaryimage"},"thumbnailUrl":"https:\/\/cdn.pixabay.com\/photo\/2020\/03\/09\/05\/18\/eye-4914536_960_720.png","datePublished":"2020-09-29T10:18:55+00:00","dateModified":"2020-09-29T12:07:49+00:00","description":"Firewall Spamfilter Netzwerke Systemadministration Sicherheit Datenschutz Programmierung Linux Windows Server Proxmox Vmware Hyper-V HPE Shop PC Reparatur Ingolstadt Audi VPN Zoom Nextcloud Cloud Exchange Mail 3cx Telefonanlagen IP-Telefonie Systemhaus IT Computersysteme","breadcrumb":{"@id":"https:\/\/stroehmer.de\/?page_id=789#breadcrumb"},"inLanguage":"de","potentialAction":[{"@type":"ReadAction","target":["https:\/\/stroehmer.de\/?page_id=789"]}]},{"@type":"ImageObject","inLanguage":"de","@id":"https:\/\/stroehmer.de\/?page_id=789#primaryimage","url":"https:\/\/cdn.pixabay.com\/photo\/2020\/03\/09\/05\/18\/eye-4914536_960_720.png","contentUrl":"https:\/\/cdn.pixabay.com\/photo\/2020\/03\/09\/05\/18\/eye-4914536_960_720.png"},{"@type":"BreadcrumbList","@id":"https:\/\/stroehmer.de\/?page_id=789#breadcrumb","itemListElement":[{"@type":"ListItem","position":1,"name":"Startseite","item":"https:\/\/stroehmer.de\/"},{"@type":"ListItem","position":2,"name":"\u00dcberwachung"}]},{"@type":"WebSite","@id":"https:\/\/stroehmer.de\/#website","url":"https:\/\/stroehmer.de\/","name":"Systemhaus f\u00fcr Bayern","description":"Windows und Linux-Systeme","publisher":{"@id":"https:\/\/stroehmer.de\/#organization"},"potentialAction":[{"@type":"SearchAction","target":{"@type":"EntryPoint","urlTemplate":"https:\/\/stroehmer.de\/?s={search_term_string}"},"query-input":{"@type":"PropertyValueSpecification","valueRequired":true,"valueName":"search_term_string"}}],"inLanguage":"de"},{"@type":"Organization","@id":"https:\/\/stroehmer.de\/#organization","name":"IT-Business AG \/ Str\u00f6hmer Computersysteme GmbH","url":"https:\/\/stroehmer.de\/","logo":{"@type":"ImageObject","inLanguage":"de","@id":"https:\/\/stroehmer.de\/#\/schema\/logo\/image\/","url":"https:\/\/stroehmer.de\/wp-content\/uploads\/2020\/08\/webseite-3.png","contentUrl":"https:\/\/stroehmer.de\/wp-content\/uploads\/2020\/08\/webseite-3.png","width":318,"height":84,"caption":"IT-Business AG \/ Str\u00f6hmer Computersysteme GmbH"},"image":{"@id":"https:\/\/stroehmer.de\/#\/schema\/logo\/image\/"}}]}},"_links":{"self":[{"href":"https:\/\/stroehmer.de\/index.php?rest_route=\/wp\/v2\/pages\/789","targetHints":{"allow":["GET"]}}],"collection":[{"href":"https:\/\/stroehmer.de\/index.php?rest_route=\/wp\/v2\/pages"}],"about":[{"href":"https:\/\/stroehmer.de\/index.php?rest_route=\/wp\/v2\/types\/page"}],"author":[{"embeddable":true,"href":"https:\/\/stroehmer.de\/index.php?rest_route=\/wp\/v2\/users\/1"}],"replies":[{"embeddable":true,"href":"https:\/\/stroehmer.de\/index.php?rest_route=%2Fwp%2Fv2%2Fcomments&post=789"}],"version-history":[{"count":3,"href":"https:\/\/stroehmer.de\/index.php?rest_route=\/wp\/v2\/pages\/789\/revisions"}],"predecessor-version":[{"id":891,"href":"https:\/\/stroehmer.de\/index.php?rest_route=\/wp\/v2\/pages\/789\/revisions\/891"}],"wp:attachment":[{"href":"https:\/\/stroehmer.de\/index.php?rest_route=%2Fwp%2Fv2%2Fmedia&parent=789"}],"curies":[{"name":"wp","href":"https:\/\/api.w.org\/{rel}","templated":true}]}}