{"id":811,"date":"2020-09-29T12:42:51","date_gmt":"2020-09-29T10:42:51","guid":{"rendered":"https:\/\/stroehmer.de\/?page_id=811"},"modified":"2023-12-22T12:15:17","modified_gmt":"2023-12-22T11:15:17","slug":"netzwerkbetreuung","status":"publish","type":"page","link":"https:\/\/stroehmer.de\/?page_id=811","title":{"rendered":"Netzwerkbetreuung"},"content":{"rendered":"\n<p>Gerne \u00fcbernehmen wir die zuverl\u00e4ssige Betreuung Ihrer IT. Dabei analysieren wir Ihr System auf Sicherheit und kosteng\u00fcnstige Wartbarkeit. Aktiv schlagen wir Verbesserungsm\u00f6glichkeiten vor, wenn diese n\u00f6tig sind.<\/p>\n","protected":false},"excerpt":{"rendered":"<p>Gerne \u00fcbernehmen wir die zuverl\u00e4ssige Betreuung Ihrer IT. Dabei analysieren wir Ihr System auf Sicherheit und kosteng\u00fcnstige Wartbarkeit. Aktiv schlagen [&hellip;]<\/p>\n","protected":false},"author":1,"featured_media":0,"parent":0,"menu_order":0,"comment_status":"closed","ping_status":"closed","template":"","meta":{"footnotes":""},"class_list":["post-811","page","type-page","status-publish","hentry"],"yoast_head":"<!-- This site is optimized with the Yoast SEO plugin v26.8 - https:\/\/yoast.com\/product\/yoast-seo-wordpress\/ -->\n<title>Netzwerkbetreuung - Systemhaus f\u00fcr Bayern<\/title>\n<meta name=\"description\" content=\"Firewall Spamfilter Netzwerke Systemadministration Sicherheit Datenschutz Programmierung Linux Windows Server Proxmox Vmware Hyper-V HPE Shop PC Reparatur Ingolstadt Audi VPN Zoom Nextcloud Cloud Exchange Mail 3cx Telefonanlagen IP-Telefonie Systemhaus IT Computersysteme\" \/>\n<meta name=\"robots\" content=\"index, follow, max-snippet:-1, max-image-preview:large, max-video-preview:-1\" \/>\n<link rel=\"canonical\" href=\"https:\/\/stroehmer.de\/?page_id=811\" \/>\n<meta property=\"og:locale\" content=\"de_DE\" \/>\n<meta property=\"og:type\" content=\"article\" \/>\n<meta property=\"og:title\" content=\"Netzwerkbetreuung - Systemhaus f\u00fcr Bayern\" \/>\n<meta property=\"og:description\" content=\"Firewall Spamfilter Netzwerke Systemadministration Sicherheit Datenschutz Programmierung Linux Windows Server Proxmox Vmware Hyper-V HPE Shop PC Reparatur Ingolstadt Audi VPN Zoom Nextcloud Cloud Exchange Mail 3cx Telefonanlagen IP-Telefonie Systemhaus IT Computersysteme\" \/>\n<meta property=\"og:url\" content=\"https:\/\/stroehmer.de\/?page_id=811\" \/>\n<meta property=\"og:site_name\" content=\"Systemhaus f\u00fcr Bayern\" \/>\n<meta property=\"article:modified_time\" content=\"2023-12-22T11:15:17+00:00\" \/>\n<meta name=\"twitter:card\" content=\"summary_large_image\" \/>\n<meta name=\"twitter:label1\" content=\"Gesch\u00e4tzte Lesezeit\" \/>\n\t<meta name=\"twitter:data1\" content=\"1\u00a0Minute\" \/>\n<script type=\"application\/ld+json\" class=\"yoast-schema-graph\">{\"@context\":\"https:\/\/schema.org\",\"@graph\":[{\"@type\":\"WebPage\",\"@id\":\"https:\/\/stroehmer.de\/?page_id=811\",\"url\":\"https:\/\/stroehmer.de\/?page_id=811\",\"name\":\"Netzwerkbetreuung - Systemhaus f\u00fcr Bayern\",\"isPartOf\":{\"@id\":\"https:\/\/stroehmer.de\/#website\"},\"datePublished\":\"2020-09-29T10:42:51+00:00\",\"dateModified\":\"2023-12-22T11:15:17+00:00\",\"description\":\"Firewall Spamfilter Netzwerke Systemadministration Sicherheit Datenschutz Programmierung Linux Windows Server Proxmox Vmware Hyper-V HPE Shop PC Reparatur Ingolstadt Audi VPN Zoom Nextcloud Cloud Exchange Mail 3cx Telefonanlagen IP-Telefonie Systemhaus IT Computersysteme\",\"breadcrumb\":{\"@id\":\"https:\/\/stroehmer.de\/?page_id=811#breadcrumb\"},\"inLanguage\":\"de\",\"potentialAction\":[{\"@type\":\"ReadAction\",\"target\":[\"https:\/\/stroehmer.de\/?page_id=811\"]}]},{\"@type\":\"BreadcrumbList\",\"@id\":\"https:\/\/stroehmer.de\/?page_id=811#breadcrumb\",\"itemListElement\":[{\"@type\":\"ListItem\",\"position\":1,\"name\":\"Startseite\",\"item\":\"https:\/\/stroehmer.de\/\"},{\"@type\":\"ListItem\",\"position\":2,\"name\":\"Netzwerkbetreuung\"}]},{\"@type\":\"WebSite\",\"@id\":\"https:\/\/stroehmer.de\/#website\",\"url\":\"https:\/\/stroehmer.de\/\",\"name\":\"Systemhaus f\u00fcr Bayern\",\"description\":\"Windows und Linux-Systeme\",\"publisher\":{\"@id\":\"https:\/\/stroehmer.de\/#organization\"},\"potentialAction\":[{\"@type\":\"SearchAction\",\"target\":{\"@type\":\"EntryPoint\",\"urlTemplate\":\"https:\/\/stroehmer.de\/?s={search_term_string}\"},\"query-input\":{\"@type\":\"PropertyValueSpecification\",\"valueRequired\":true,\"valueName\":\"search_term_string\"}}],\"inLanguage\":\"de\"},{\"@type\":\"Organization\",\"@id\":\"https:\/\/stroehmer.de\/#organization\",\"name\":\"IT-Business AG \/ Str\u00f6hmer Computersysteme GmbH\",\"url\":\"https:\/\/stroehmer.de\/\",\"logo\":{\"@type\":\"ImageObject\",\"inLanguage\":\"de\",\"@id\":\"https:\/\/stroehmer.de\/#\/schema\/logo\/image\/\",\"url\":\"https:\/\/stroehmer.de\/wp-content\/uploads\/2020\/08\/webseite-3.png\",\"contentUrl\":\"https:\/\/stroehmer.de\/wp-content\/uploads\/2020\/08\/webseite-3.png\",\"width\":318,\"height\":84,\"caption\":\"IT-Business AG \/ Str\u00f6hmer Computersysteme GmbH\"},\"image\":{\"@id\":\"https:\/\/stroehmer.de\/#\/schema\/logo\/image\/\"}}]}<\/script>\n<!-- \/ Yoast SEO plugin. -->","yoast_head_json":{"title":"Netzwerkbetreuung - Systemhaus f\u00fcr Bayern","description":"Firewall Spamfilter Netzwerke Systemadministration Sicherheit Datenschutz Programmierung Linux Windows Server Proxmox Vmware Hyper-V HPE Shop PC Reparatur Ingolstadt Audi VPN Zoom Nextcloud Cloud Exchange Mail 3cx Telefonanlagen IP-Telefonie Systemhaus IT Computersysteme","robots":{"index":"index","follow":"follow","max-snippet":"max-snippet:-1","max-image-preview":"max-image-preview:large","max-video-preview":"max-video-preview:-1"},"canonical":"https:\/\/stroehmer.de\/?page_id=811","og_locale":"de_DE","og_type":"article","og_title":"Netzwerkbetreuung - Systemhaus f\u00fcr Bayern","og_description":"Firewall Spamfilter Netzwerke Systemadministration Sicherheit Datenschutz Programmierung Linux Windows Server Proxmox Vmware Hyper-V HPE Shop PC Reparatur Ingolstadt Audi VPN Zoom Nextcloud Cloud Exchange Mail 3cx Telefonanlagen IP-Telefonie Systemhaus IT Computersysteme","og_url":"https:\/\/stroehmer.de\/?page_id=811","og_site_name":"Systemhaus f\u00fcr Bayern","article_modified_time":"2023-12-22T11:15:17+00:00","twitter_card":"summary_large_image","twitter_misc":{"Gesch\u00e4tzte Lesezeit":"1\u00a0Minute"},"schema":{"@context":"https:\/\/schema.org","@graph":[{"@type":"WebPage","@id":"https:\/\/stroehmer.de\/?page_id=811","url":"https:\/\/stroehmer.de\/?page_id=811","name":"Netzwerkbetreuung - Systemhaus f\u00fcr Bayern","isPartOf":{"@id":"https:\/\/stroehmer.de\/#website"},"datePublished":"2020-09-29T10:42:51+00:00","dateModified":"2023-12-22T11:15:17+00:00","description":"Firewall Spamfilter Netzwerke Systemadministration Sicherheit Datenschutz Programmierung Linux Windows Server Proxmox Vmware Hyper-V HPE Shop PC Reparatur Ingolstadt Audi VPN Zoom Nextcloud Cloud Exchange Mail 3cx Telefonanlagen IP-Telefonie Systemhaus IT Computersysteme","breadcrumb":{"@id":"https:\/\/stroehmer.de\/?page_id=811#breadcrumb"},"inLanguage":"de","potentialAction":[{"@type":"ReadAction","target":["https:\/\/stroehmer.de\/?page_id=811"]}]},{"@type":"BreadcrumbList","@id":"https:\/\/stroehmer.de\/?page_id=811#breadcrumb","itemListElement":[{"@type":"ListItem","position":1,"name":"Startseite","item":"https:\/\/stroehmer.de\/"},{"@type":"ListItem","position":2,"name":"Netzwerkbetreuung"}]},{"@type":"WebSite","@id":"https:\/\/stroehmer.de\/#website","url":"https:\/\/stroehmer.de\/","name":"Systemhaus f\u00fcr Bayern","description":"Windows und Linux-Systeme","publisher":{"@id":"https:\/\/stroehmer.de\/#organization"},"potentialAction":[{"@type":"SearchAction","target":{"@type":"EntryPoint","urlTemplate":"https:\/\/stroehmer.de\/?s={search_term_string}"},"query-input":{"@type":"PropertyValueSpecification","valueRequired":true,"valueName":"search_term_string"}}],"inLanguage":"de"},{"@type":"Organization","@id":"https:\/\/stroehmer.de\/#organization","name":"IT-Business AG \/ Str\u00f6hmer Computersysteme GmbH","url":"https:\/\/stroehmer.de\/","logo":{"@type":"ImageObject","inLanguage":"de","@id":"https:\/\/stroehmer.de\/#\/schema\/logo\/image\/","url":"https:\/\/stroehmer.de\/wp-content\/uploads\/2020\/08\/webseite-3.png","contentUrl":"https:\/\/stroehmer.de\/wp-content\/uploads\/2020\/08\/webseite-3.png","width":318,"height":84,"caption":"IT-Business AG \/ Str\u00f6hmer Computersysteme GmbH"},"image":{"@id":"https:\/\/stroehmer.de\/#\/schema\/logo\/image\/"}}]}},"_links":{"self":[{"href":"https:\/\/stroehmer.de\/index.php?rest_route=\/wp\/v2\/pages\/811","targetHints":{"allow":["GET"]}}],"collection":[{"href":"https:\/\/stroehmer.de\/index.php?rest_route=\/wp\/v2\/pages"}],"about":[{"href":"https:\/\/stroehmer.de\/index.php?rest_route=\/wp\/v2\/types\/page"}],"author":[{"embeddable":true,"href":"https:\/\/stroehmer.de\/index.php?rest_route=\/wp\/v2\/users\/1"}],"replies":[{"embeddable":true,"href":"https:\/\/stroehmer.de\/index.php?rest_route=%2Fwp%2Fv2%2Fcomments&post=811"}],"version-history":[{"count":2,"href":"https:\/\/stroehmer.de\/index.php?rest_route=\/wp\/v2\/pages\/811\/revisions"}],"predecessor-version":[{"id":1083,"href":"https:\/\/stroehmer.de\/index.php?rest_route=\/wp\/v2\/pages\/811\/revisions\/1083"}],"wp:attachment":[{"href":"https:\/\/stroehmer.de\/index.php?rest_route=%2Fwp%2Fv2%2Fmedia&parent=811"}],"curies":[{"name":"wp","href":"https:\/\/api.w.org\/{rel}","templated":true}]}}